{"id":9,"date":"2018-12-09T21:41:46","date_gmt":"2018-12-09T23:41:46","guid":{"rendered":"https:\/\/arenacp.com.br\/revista-country-fever\/?page_id=9"},"modified":"2026-02-11T11:17:39","modified_gmt":"2026-02-11T14:17:39","slug":"inicio","status":"publish","type":"page","link":"https:\/\/arenacp.com.br\/revista-country-fever\/","title":{"rendered":"In\u00edcio"},"content":{"rendered":"\n\t<img width=\"615\" height=\"878\" src=\"https:\/\/arenacp.com.br\/revista-country-fever\/wp-content\/uploads\/2026\/04\/1-1.png\" class=\"attachment-post-thumbnail size-post-thumbnail wp-post-image\" alt=\"\" loading=\"lazy\" \/>            <img src=\"https:\/\/arenacp.com.br\/revista-country-fever\/wp-content\/uploads\/2019\/01\/filete-revista.png\" alt=\"filete-revista\" style=\"width: 100%; margin-top: -20px; z-index: 98;\">\r\n\n<h1>\n\t\t<i>REVISTA COUNTRY FEVER<\/i>\n\t<\/h1>\n\t\t\t\t<img loading=\"lazy\" src=\"https:\/\/arenacp.com.br\/revista-country-fever\/wp-content\/uploads\/2023\/09\/country-fever-1.jpg\" alt=\"country-fever\" itemprop=\"image\" height=\"514\" width=\"800\" title=\"country-fever\" onerror=\"this.style.display='none'\"  \/>\n\t<p>Com 17 anos, desde o seu lan\u00e7amento em 23 de setembro de 2008 a Revista Country Fever comp\u00f5e mais um ve\u00edculo de comunica\u00e7\u00e3o do Grupo Carlinhos Pinheiro. Um trabalho impar, \u00fanico no segmento, voc\u00ea consegue acompanhar mensalmente tudo sobre o segmento country, recebendo empres\u00e1rios e parceiros que fazem a diferen\u00e7a no meio. Com um stand sempre presente em Barretos\/SP onde \u00e9 visitado por milhares de Pessoas, a revista com distribui\u00e7\u00e3o direcionada \u00e9 mais um produto do Grupo; completado por R\u00e1dio,\u00a0TV\u00a0e\u00a0Produtora.<\/p>\n\t\t\t<a href=\"https:\/\/arenacp.com.br\/revista-country-fever\/edicoes\/\" target=\"_self\" role=\"button\" rel=\"noopener\">\n\t\t\t\t\t\t\t<b><i>Saiba Mais<\/i><\/b>\n\t\t\t\t\t<\/a>\n","protected":false},"excerpt":{"rendered":"<p>REVISTA COUNTRY FEVER Com 17 anos, desde o seu lan\u00e7amento em 23 de setembro de 2008 a Revista Country Fever comp\u00f5e mais um ve\u00edculo de comunica\u00e7\u00e3o do Grupo Carlinhos Pinheiro. Um trabalho impar, \u00fanico no segmento, voc\u00ea consegue acompanhar mensalmente tudo sobre o segmento country, recebendo empres\u00e1rios e parceiros que fazem a diferen\u00e7a no meio.&hellip;<\/p>\n","protected":false},"author":1,"featured_media":0,"parent":0,"menu_order":3,"comment_status":"closed","ping_status":"closed","template":"","meta":{"_mi_skip_tracking":false},"yoast_head":"<!-- This site is optimized with the Yoast SEO plugin v19.4 - https:\/\/yoast.com\/wordpress\/plugins\/seo\/ -->\n<title>Revista Country Fever<\/title>\n<meta name=\"description\" content=\"A Revista Country Fever \u00e9 do Grupo Carlinhos Pinheiro de Comunica\u00e7\u00e3o Country, do qual trabalha com os seguintes ve\u00edculos de comunica\u00e7\u00e3o: R\u00e1dio, TV, Revista e Produtora. A revista teve o seu lan\u00e7amento, no dia 23 de setembro de 2008. Com muito trabalho e dedica\u00e7\u00e3o, recebendo grandes empres\u00e1rios do segmento country, pol\u00edticos e os parceiros que estiveram presente.\" \/>\n<meta name=\"robots\" content=\"index, follow, max-snippet:-1, max-image-preview:large, max-video-preview:-1\" \/>\n<link rel=\"canonical\" href=\"https:\/\/arenacp.com.br\/revista-country-fever\/\" \/>\n<meta property=\"og:locale\" content=\"pt_BR\" \/>\n<meta property=\"og:type\" content=\"article\" \/>\n<meta property=\"og:title\" content=\"Revista Country Fever\" \/>\n<meta property=\"og:description\" content=\"A Revista Country Fever \u00e9 do Grupo Carlinhos Pinheiro de Comunica\u00e7\u00e3o Country, do qual trabalha com os seguintes ve\u00edculos de comunica\u00e7\u00e3o: R\u00e1dio, TV, Revista e Produtora. A revista teve o seu lan\u00e7amento, no dia 23 de setembro de 2008. Com muito trabalho e dedica\u00e7\u00e3o, recebendo grandes empres\u00e1rios do segmento country, pol\u00edticos e os parceiros que estiveram presente.\" \/>\n<meta property=\"og:url\" content=\"https:\/\/arenacp.com.br\/revista-country-fever\/\" \/>\n<meta property=\"og:site_name\" content=\"Revista Country Fever\" \/>\n<meta property=\"article:modified_time\" content=\"2026-02-11T14:17:39+00:00\" \/>\n<meta property=\"og:image\" content=\"https:\/\/arenacp.com.br\/revista-country-fever\/wp-content\/uploads\/2018\/12\/facebook-arenacp-revistacountryfever.jpg\" \/>\n\t<meta property=\"og:image:width\" content=\"1200\" \/>\n\t<meta property=\"og:image:height\" content=\"630\" \/>\n\t<meta property=\"og:image:type\" content=\"image\/jpeg\" \/>\n<meta name=\"twitter:card\" content=\"summary_large_image\" \/>\n<meta name=\"twitter:title\" content=\"Revista Country Fever\" \/>\n<meta name=\"twitter:description\" content=\"A Revista Country Fever \u00e9 do Grupo Carlinhos Pinheiro de Comunica\u00e7\u00e3o Country, do qual trabalha com os seguintes ve\u00edculos de comunica\u00e7\u00e3o: R\u00e1dio, TV, Revista e Produtora. A revista teve o seu lan\u00e7amento, no dia 23 de setembro de 2008. Com muito trabalho e dedica\u00e7\u00e3o, recebendo grandes empres\u00e1rios do segmento country, pol\u00edticos e os parceiros que estiveram presente.\" \/>\n<meta name=\"twitter:image\" content=\"https:\/\/arenacp.com.br\/revista-country-fever\/wp-content\/uploads\/2018\/12\/twitter-arenacp-revistacountryfever.jpg\" \/>\n<script type=\"application\/ld+json\" class=\"yoast-schema-graph\">{\"@context\":\"https:\/\/schema.org\",\"@graph\":[{\"@type\":\"WebSite\",\"@id\":\"https:\/\/arenacp.com.br\/revista-country-fever\/#website\",\"url\":\"https:\/\/arenacp.com.br\/revista-country-fever\/\",\"name\":\"Revista Country Fever\",\"description\":\"\",\"potentialAction\":[{\"@type\":\"SearchAction\",\"target\":{\"@type\":\"EntryPoint\",\"urlTemplate\":\"https:\/\/arenacp.com.br\/revista-country-fever\/?s={search_term_string}\"},\"query-input\":\"required name=search_term_string\"}],\"inLanguage\":\"pt-BR\"},{\"@type\":\"WebPage\",\"@id\":\"https:\/\/arenacp.com.br\/revista-country-fever\/\",\"url\":\"https:\/\/arenacp.com.br\/revista-country-fever\/\",\"name\":\"Revista Country Fever\",\"isPartOf\":{\"@id\":\"https:\/\/arenacp.com.br\/revista-country-fever\/#website\"},\"datePublished\":\"2018-12-09T23:41:46+00:00\",\"dateModified\":\"2026-02-11T14:17:39+00:00\",\"description\":\"A Revista Country Fever \u00e9 do Grupo Carlinhos Pinheiro de Comunica\u00e7\u00e3o Country, do qual trabalha com os seguintes ve\u00edculos de comunica\u00e7\u00e3o: R\u00e1dio, TV, Revista e Produtora. A revista teve o seu lan\u00e7amento, no dia 23 de setembro de 2008. Com muito trabalho e dedica\u00e7\u00e3o, recebendo grandes empres\u00e1rios do segmento country, pol\u00edticos e os parceiros que estiveram presente.\",\"breadcrumb\":{\"@id\":\"https:\/\/arenacp.com.br\/revista-country-fever\/#breadcrumb\"},\"inLanguage\":\"pt-BR\",\"potentialAction\":[{\"@type\":\"ReadAction\",\"target\":[\"https:\/\/arenacp.com.br\/revista-country-fever\/\"]}]},{\"@type\":\"BreadcrumbList\",\"@id\":\"https:\/\/arenacp.com.br\/revista-country-fever\/#breadcrumb\",\"itemListElement\":[{\"@type\":\"ListItem\",\"position\":1,\"name\":\"In\u00edcio\",\"item\":\"https:\/\/arenacp.com.br\/revista-country-fever\/\"},{\"@type\":\"ListItem\",\"position\":2,\"name\":\"In\u00edcio\"}]}]}<\/script>\n<!-- \/ Yoast SEO plugin. -->","yoast_head_json":{"title":"Revista Country Fever","description":"A Revista Country Fever \u00e9 do Grupo Carlinhos Pinheiro de Comunica\u00e7\u00e3o Country, do qual trabalha com os seguintes ve\u00edculos de comunica\u00e7\u00e3o: R\u00e1dio, TV, Revista e Produtora. A revista teve o seu lan\u00e7amento, no dia 23 de setembro de 2008. Com muito trabalho e dedica\u00e7\u00e3o, recebendo grandes empres\u00e1rios do segmento country, pol\u00edticos e os parceiros que estiveram presente.","robots":{"index":"index","follow":"follow","max-snippet":"max-snippet:-1","max-image-preview":"max-image-preview:large","max-video-preview":"max-video-preview:-1"},"canonical":"https:\/\/arenacp.com.br\/revista-country-fever\/","og_locale":"pt_BR","og_type":"article","og_title":"Revista Country Fever","og_description":"A Revista Country Fever \u00e9 do Grupo Carlinhos Pinheiro de Comunica\u00e7\u00e3o Country, do qual trabalha com os seguintes ve\u00edculos de comunica\u00e7\u00e3o: R\u00e1dio, TV, Revista e Produtora. A revista teve o seu lan\u00e7amento, no dia 23 de setembro de 2008. Com muito trabalho e dedica\u00e7\u00e3o, recebendo grandes empres\u00e1rios do segmento country, pol\u00edticos e os parceiros que estiveram presente.","og_url":"https:\/\/arenacp.com.br\/revista-country-fever\/","og_site_name":"Revista Country Fever","article_modified_time":"2026-02-11T14:17:39+00:00","og_image":[{"width":1200,"height":630,"url":"https:\/\/arenacp.com.br\/revista-country-fever\/wp-content\/uploads\/2018\/12\/facebook-arenacp-revistacountryfever.jpg","type":"image\/jpeg"}],"twitter_card":"summary_large_image","twitter_title":"Revista Country Fever","twitter_description":"A Revista Country Fever \u00e9 do Grupo Carlinhos Pinheiro de Comunica\u00e7\u00e3o Country, do qual trabalha com os seguintes ve\u00edculos de comunica\u00e7\u00e3o: R\u00e1dio, TV, Revista e Produtora. A revista teve o seu lan\u00e7amento, no dia 23 de setembro de 2008. Com muito trabalho e dedica\u00e7\u00e3o, recebendo grandes empres\u00e1rios do segmento country, pol\u00edticos e os parceiros que estiveram presente.","twitter_image":"https:\/\/arenacp.com.br\/revista-country-fever\/wp-content\/uploads\/2018\/12\/twitter-arenacp-revistacountryfever.jpg","schema":{"@context":"https:\/\/schema.org","@graph":[{"@type":"WebSite","@id":"https:\/\/arenacp.com.br\/revista-country-fever\/#website","url":"https:\/\/arenacp.com.br\/revista-country-fever\/","name":"Revista Country Fever","description":"","potentialAction":[{"@type":"SearchAction","target":{"@type":"EntryPoint","urlTemplate":"https:\/\/arenacp.com.br\/revista-country-fever\/?s={search_term_string}"},"query-input":"required name=search_term_string"}],"inLanguage":"pt-BR"},{"@type":"WebPage","@id":"https:\/\/arenacp.com.br\/revista-country-fever\/","url":"https:\/\/arenacp.com.br\/revista-country-fever\/","name":"Revista Country Fever","isPartOf":{"@id":"https:\/\/arenacp.com.br\/revista-country-fever\/#website"},"datePublished":"2018-12-09T23:41:46+00:00","dateModified":"2026-02-11T14:17:39+00:00","description":"A Revista Country Fever \u00e9 do Grupo Carlinhos Pinheiro de Comunica\u00e7\u00e3o Country, do qual trabalha com os seguintes ve\u00edculos de comunica\u00e7\u00e3o: R\u00e1dio, TV, Revista e Produtora. A revista teve o seu lan\u00e7amento, no dia 23 de setembro de 2008. Com muito trabalho e dedica\u00e7\u00e3o, recebendo grandes empres\u00e1rios do segmento country, pol\u00edticos e os parceiros que estiveram presente.","breadcrumb":{"@id":"https:\/\/arenacp.com.br\/revista-country-fever\/#breadcrumb"},"inLanguage":"pt-BR","potentialAction":[{"@type":"ReadAction","target":["https:\/\/arenacp.com.br\/revista-country-fever\/"]}]},{"@type":"BreadcrumbList","@id":"https:\/\/arenacp.com.br\/revista-country-fever\/#breadcrumb","itemListElement":[{"@type":"ListItem","position":1,"name":"In\u00edcio","item":"https:\/\/arenacp.com.br\/revista-country-fever\/"},{"@type":"ListItem","position":2,"name":"In\u00edcio"}]}]}},"_links":{"self":[{"href":"https:\/\/arenacp.com.br\/revista-country-fever\/wp-json\/wp\/v2\/pages\/9"}],"collection":[{"href":"https:\/\/arenacp.com.br\/revista-country-fever\/wp-json\/wp\/v2\/pages"}],"about":[{"href":"https:\/\/arenacp.com.br\/revista-country-fever\/wp-json\/wp\/v2\/types\/page"}],"author":[{"embeddable":true,"href":"https:\/\/arenacp.com.br\/revista-country-fever\/wp-json\/wp\/v2\/users\/1"}],"replies":[{"embeddable":true,"href":"https:\/\/arenacp.com.br\/revista-country-fever\/wp-json\/wp\/v2\/comments?post=9"}],"version-history":[{"count":18,"href":"https:\/\/arenacp.com.br\/revista-country-fever\/wp-json\/wp\/v2\/pages\/9\/revisions"}],"predecessor-version":[{"id":35989,"href":"https:\/\/arenacp.com.br\/revista-country-fever\/wp-json\/wp\/v2\/pages\/9\/revisions\/35989"}],"wp:attachment":[{"href":"https:\/\/arenacp.com.br\/revista-country-fever\/wp-json\/wp\/v2\/media?parent=9"}],"curies":[{"name":"wp","href":"https:\/\/api.w.org\/{rel}","templated":true}]}}