{"id":42,"date":"2018-12-10T13:50:44","date_gmt":"2018-12-10T15:50:44","guid":{"rendered":"https:\/\/arenacp.com.br\/revista-country-fever\/?page_id=42"},"modified":"2018-12-11T10:15:26","modified_gmt":"2018-12-11T12:15:26","slug":"sobre","status":"publish","type":"page","link":"https:\/\/arenacp.com.br\/revista-country-fever\/sobre\/","title":{"rendered":"Sobre"},"content":{"rendered":"<h1><i>CONHE\u00c7A A REVISTA COUNTRY FEVER!<\/i><\/h1>\n<img src=\"\">\n<p style=\"text-align: justify\">Revista Country Fever \u00e9 do Grupo Arena CP, do qual trabalha com os seguintes ve\u00edculos de comunica\u00e7\u00e3o: R\u00e1dio, TV, Revista e Produtora. A revista teve o seu lan\u00e7amento, no dia 23 de setembro de 2008. Com muito trabalho e dedica\u00e7\u00e3o, recebendo grandes empres\u00e1rios do segmento country, pol\u00edticos e os parceiros que estiveram presente. Ela tornou-se um dos maiores meios de comunica\u00e7\u00e3o country de S\u00e3o Jos\u00e9 do Rio Preto-SP, Regi\u00e3o e Brasil. A publica\u00e7\u00e3o \u00e9 mensal, direcionada e gratuita, tendo sua circula\u00e7\u00e3o em 100 cidades da regi\u00e3o e alguns Estados. Confira: S\u00e3o Paulo, Minas Gerais, Paran\u00e1, Goi\u00e1s, Mato Grosso e Mato Grosso do Sul. Atualmente ela vem sendo elogiada por todos os cr\u00edticos e pessoas renomadas do esporte, sendo a \u00fanica revista mensal e gratuita\/direcionada do Mundo do Rodeio e do Agroneg\u00f3cio, no Brasil. O Diretor Geral, Carlinhos Pinheiro, \u00e9 radialista, apresentador, locutor, jornalista (MTB: 45051) e um dos maiores empres\u00e1rios conhecedor do segmento.<\/p>\n\n<h1>\n\t\t<i>GALERIA DE FOTOS<\/i><br \/>\n\t<\/h1>\n    <div class=\"row\">\r\n        <div class=\"col-md-12 text-center img-destaque-galeria\" style=\"margin-bottom: 40px;\">\r\n                                    <img src=\"https:\/\/arenacp.com.br\/revista-country-fever\/wp-content\/uploads\/2018\/12\/8990355e1a4377aca5cbfeff8fbe08ca-1.png\" idimg=\"img-galeria-fancybox-111\">\r\n                    <\/div>\r\n        <div class=\"col-md-12\">\r\n            <div class=\"owl-carousel owl-theme owl-carousel-pagina-interna\">\r\n                                        <div class=\"item\">\r\n                                                        <div class=\"div-quadrada\" urlimg=\"https:\/\/arenacp.com.br\/revista-country-fever\/wp-content\/uploads\/2018\/12\/8990355e1a4377aca5cbfeff8fbe08ca-1.png\" idimg=\"img-galeria-fancybox-111\">\r\n                                <img width=\"300\" height=\"300\" src=\"https:\/\/arenacp.com.br\/revista-country-fever\/wp-content\/uploads\/2018\/12\/8990355e1a4377aca5cbfeff8fbe08ca-1-300x300.png\" class=\"attachment-medium size-medium\" alt=\"\" loading=\"lazy\" srcset=\"https:\/\/arenacp.com.br\/revista-country-fever\/wp-content\/uploads\/2018\/12\/8990355e1a4377aca5cbfeff8fbe08ca-1-300x300.png 300w, https:\/\/arenacp.com.br\/revista-country-fever\/wp-content\/uploads\/2018\/12\/8990355e1a4377aca5cbfeff8fbe08ca-1-150x150.png 150w\" sizes=\"(max-width: 300px) 100vw, 300px\" \/>                            <\/div>\r\n                        <\/div>\r\n                                        <div class=\"item\">\r\n                                                        <div class=\"div-quadrada\" urlimg=\"https:\/\/arenacp.com.br\/revista-country-fever\/wp-content\/uploads\/2022\/12\/arena6.jpg\" idimg=\"img-galeria-fancybox-32566\">\r\n                                <img width=\"300\" height=\"300\" src=\"https:\/\/arenacp.com.br\/revista-country-fever\/wp-content\/uploads\/2022\/12\/arena6-300x300.jpg\" class=\"attachment-medium size-medium\" alt=\"\" loading=\"lazy\" srcset=\"https:\/\/arenacp.com.br\/revista-country-fever\/wp-content\/uploads\/2022\/12\/arena6-300x300.jpg 300w, https:\/\/arenacp.com.br\/revista-country-fever\/wp-content\/uploads\/2022\/12\/arena6-150x150.jpg 150w\" sizes=\"(max-width: 300px) 100vw, 300px\" \/>                            <\/div>\r\n                        <\/div>\r\n                                        <div class=\"item\">\r\n                                                        <div class=\"div-quadrada\" urlimg=\"https:\/\/arenacp.com.br\/revista-country-fever\/wp-content\/uploads\/2022\/12\/arena3.png\" idimg=\"img-galeria-fancybox-32563\">\r\n                                <img width=\"300\" height=\"300\" src=\"https:\/\/arenacp.com.br\/revista-country-fever\/wp-content\/uploads\/2022\/12\/arena3-300x300.png\" class=\"attachment-medium size-medium\" alt=\"\" loading=\"lazy\" srcset=\"https:\/\/arenacp.com.br\/revista-country-fever\/wp-content\/uploads\/2022\/12\/arena3-300x300.png 300w, https:\/\/arenacp.com.br\/revista-country-fever\/wp-content\/uploads\/2022\/12\/arena3-150x150.png 150w\" sizes=\"(max-width: 300px) 100vw, 300px\" \/>                            <\/div>\r\n                        <\/div>\r\n                                        <div class=\"item\">\r\n                                                        <div class=\"div-quadrada\" urlimg=\"https:\/\/arenacp.com.br\/revista-country-fever\/wp-content\/uploads\/2022\/12\/arena3.1.png\" idimg=\"img-galeria-fancybox-32562\">\r\n                                <img width=\"300\" height=\"300\" src=\"https:\/\/arenacp.com.br\/revista-country-fever\/wp-content\/uploads\/2022\/12\/arena3.1-300x300.png\" class=\"attachment-medium size-medium\" alt=\"\" loading=\"lazy\" srcset=\"https:\/\/arenacp.com.br\/revista-country-fever\/wp-content\/uploads\/2022\/12\/arena3.1-300x300.png 300w, https:\/\/arenacp.com.br\/revista-country-fever\/wp-content\/uploads\/2022\/12\/arena3.1-150x150.png 150w\" sizes=\"(max-width: 300px) 100vw, 300px\" \/>                            <\/div>\r\n                        <\/div>\r\n                                        <div class=\"item\">\r\n                                                        <div class=\"div-quadrada\" urlimg=\"https:\/\/arenacp.com.br\/revista-country-fever\/wp-content\/uploads\/2022\/12\/arena1.png\" idimg=\"img-galeria-fancybox-32568\">\r\n                                <img width=\"300\" height=\"300\" src=\"https:\/\/arenacp.com.br\/revista-country-fever\/wp-content\/uploads\/2022\/12\/arena1-300x300.png\" class=\"attachment-medium size-medium\" alt=\"\" loading=\"lazy\" srcset=\"https:\/\/arenacp.com.br\/revista-country-fever\/wp-content\/uploads\/2022\/12\/arena1-300x300.png 300w, https:\/\/arenacp.com.br\/revista-country-fever\/wp-content\/uploads\/2022\/12\/arena1-150x150.png 150w\" sizes=\"(max-width: 300px) 100vw, 300px\" \/>                            <\/div>\r\n                        <\/div>\r\n                                        <div class=\"item\">\r\n                                                        <div class=\"div-quadrada\" urlimg=\"https:\/\/arenacp.com.br\/revista-country-fever\/wp-content\/uploads\/2022\/12\/arena5.png\" idimg=\"img-galeria-fancybox-32565\">\r\n                                <img width=\"300\" height=\"300\" src=\"https:\/\/arenacp.com.br\/revista-country-fever\/wp-content\/uploads\/2022\/12\/arena5-300x300.png\" class=\"attachment-medium size-medium\" alt=\"\" loading=\"lazy\" srcset=\"https:\/\/arenacp.com.br\/revista-country-fever\/wp-content\/uploads\/2022\/12\/arena5-300x300.png 300w, https:\/\/arenacp.com.br\/revista-country-fever\/wp-content\/uploads\/2022\/12\/arena5-150x150.png 150w\" sizes=\"(max-width: 300px) 100vw, 300px\" \/>                            <\/div>\r\n                        <\/div>\r\n                                        <div class=\"item\">\r\n                                                        <div class=\"div-quadrada\" urlimg=\"https:\/\/arenacp.com.br\/revista-country-fever\/wp-content\/uploads\/2022\/12\/arena2.png\" idimg=\"img-galeria-fancybox-32567\">\r\n                                <img width=\"300\" height=\"300\" src=\"https:\/\/arenacp.com.br\/revista-country-fever\/wp-content\/uploads\/2022\/12\/arena2-300x300.png\" class=\"attachment-medium size-medium\" alt=\"\" loading=\"lazy\" srcset=\"https:\/\/arenacp.com.br\/revista-country-fever\/wp-content\/uploads\/2022\/12\/arena2-300x300.png 300w, https:\/\/arenacp.com.br\/revista-country-fever\/wp-content\/uploads\/2022\/12\/arena2-150x150.png 150w\" sizes=\"(max-width: 300px) 100vw, 300px\" \/>                            <\/div>\r\n                        <\/div>\r\n                            <\/div>\r\n        <\/div>\r\n    <\/div>\r\n    <div style=\"position: fixed; width: 100%; height: 100%; display: none; z-index: 99999999999; top: 0; left: 0;\" id=\"carregando-imagem\"><\/div>\r\n    <script>\r\n        jQuery(document).ready(function($) {\r\n            $(\".fancybox\").magnificPopup({\r\n                type: \"image\",\r\n                gallery: {\r\n                    enabled: true\r\n                }\r\n            });\r\n\r\n            $('.owl-carousel-pagina-interna').owlCarousel({\r\n                nav: true,\r\n                loop: false,\r\n                margin: 20,\r\n                autoplay: false,\r\n                dots: false,\r\n                responsive: {\r\n                    0: {\r\n                        items: 2,\r\n                    },\r\n                    768: {\r\n                        items: 3,\r\n                    },\r\n                    992: {\r\n                        items: 5,\r\n                    },\r\n                    1300: {\r\n                        items: 7,\r\n                    }\r\n                }\r\n            });\r\n\r\n            $('.owl-carousel-pagina-interna .div-quadrada').on('click', function(event) {\r\n                event.preventDefault();\r\n                $('#carregando-imagem').show();\r\n                $('.img-destaque-galeria').hide();\r\n                $('.img-destaque-galeria').html('<img src=\"' + $(this).attr('urlimg') + '\" idimg=\"' + $(this).attr('idimg') + '\">');\r\n                $('.img-destaque-galeria').fadeIn('slow');\r\n                setTimeout(function() {\r\n                    $('.img-destaque-galeria').animate({\r\n                        height: $('.img-destaque-galeria img').height(),\r\n                        duration: 1000\r\n                    });\r\n                }, 1000);\r\n                setTimeout(function() {\r\n                    $('#carregando-imagem').hide();\r\n                }, 2000);\r\n            });\r\n            \r\n        });\r\n    <\/script>\r\n\n","protected":false},"excerpt":{"rendered":"<p>GALERIA DE FOTOS<\/p>\n","protected":false},"author":1,"featured_media":0,"parent":0,"menu_order":4,"comment_status":"closed","ping_status":"closed","template":"","meta":{"_mi_skip_tracking":false},"yoast_head":"<!-- This site is optimized with the Yoast SEO plugin v19.4 - https:\/\/yoast.com\/wordpress\/plugins\/seo\/ -->\n<title>Sobre - Revista Country Fever<\/title>\n<meta name=\"robots\" content=\"index, follow, max-snippet:-1, max-image-preview:large, max-video-preview:-1\" \/>\n<link rel=\"canonical\" href=\"https:\/\/arenacp.com.br\/revista-country-fever\/sobre\/\" \/>\n<meta property=\"og:locale\" content=\"pt_BR\" \/>\n<meta property=\"og:type\" content=\"article\" \/>\n<meta property=\"og:title\" content=\"Sobre - Revista Country Fever\" \/>\n<meta property=\"og:description\" content=\"GALERIA DE FOTOS\" \/>\n<meta property=\"og:url\" content=\"https:\/\/arenacp.com.br\/revista-country-fever\/sobre\/\" \/>\n<meta property=\"og:site_name\" content=\"Revista Country Fever\" \/>\n<meta property=\"article:modified_time\" content=\"2018-12-11T12:15:26+00:00\" \/>\n<meta name=\"twitter:card\" content=\"summary_large_image\" \/>\n<script type=\"application\/ld+json\" class=\"yoast-schema-graph\">{\"@context\":\"https:\/\/schema.org\",\"@graph\":[{\"@type\":\"WebSite\",\"@id\":\"https:\/\/arenacp.com.br\/revista-country-fever\/#website\",\"url\":\"https:\/\/arenacp.com.br\/revista-country-fever\/\",\"name\":\"Revista Country Fever\",\"description\":\"\",\"potentialAction\":[{\"@type\":\"SearchAction\",\"target\":{\"@type\":\"EntryPoint\",\"urlTemplate\":\"https:\/\/arenacp.com.br\/revista-country-fever\/?s={search_term_string}\"},\"query-input\":\"required name=search_term_string\"}],\"inLanguage\":\"pt-BR\"},{\"@type\":\"WebPage\",\"@id\":\"https:\/\/arenacp.com.br\/revista-country-fever\/sobre\/\",\"url\":\"https:\/\/arenacp.com.br\/revista-country-fever\/sobre\/\",\"name\":\"Sobre - Revista Country Fever\",\"isPartOf\":{\"@id\":\"https:\/\/arenacp.com.br\/revista-country-fever\/#website\"},\"datePublished\":\"2018-12-10T15:50:44+00:00\",\"dateModified\":\"2018-12-11T12:15:26+00:00\",\"breadcrumb\":{\"@id\":\"https:\/\/arenacp.com.br\/revista-country-fever\/sobre\/#breadcrumb\"},\"inLanguage\":\"pt-BR\",\"potentialAction\":[{\"@type\":\"ReadAction\",\"target\":[\"https:\/\/arenacp.com.br\/revista-country-fever\/sobre\/\"]}]},{\"@type\":\"BreadcrumbList\",\"@id\":\"https:\/\/arenacp.com.br\/revista-country-fever\/sobre\/#breadcrumb\",\"itemListElement\":[{\"@type\":\"ListItem\",\"position\":1,\"name\":\"In\u00edcio\",\"item\":\"https:\/\/arenacp.com.br\/revista-country-fever\/\"},{\"@type\":\"ListItem\",\"position\":2,\"name\":\"Sobre\"}]}]}<\/script>\n<!-- \/ Yoast SEO plugin. -->","yoast_head_json":{"title":"Sobre - Revista Country Fever","robots":{"index":"index","follow":"follow","max-snippet":"max-snippet:-1","max-image-preview":"max-image-preview:large","max-video-preview":"max-video-preview:-1"},"canonical":"https:\/\/arenacp.com.br\/revista-country-fever\/sobre\/","og_locale":"pt_BR","og_type":"article","og_title":"Sobre - Revista Country Fever","og_description":"GALERIA DE FOTOS","og_url":"https:\/\/arenacp.com.br\/revista-country-fever\/sobre\/","og_site_name":"Revista Country Fever","article_modified_time":"2018-12-11T12:15:26+00:00","twitter_card":"summary_large_image","schema":{"@context":"https:\/\/schema.org","@graph":[{"@type":"WebSite","@id":"https:\/\/arenacp.com.br\/revista-country-fever\/#website","url":"https:\/\/arenacp.com.br\/revista-country-fever\/","name":"Revista Country Fever","description":"","potentialAction":[{"@type":"SearchAction","target":{"@type":"EntryPoint","urlTemplate":"https:\/\/arenacp.com.br\/revista-country-fever\/?s={search_term_string}"},"query-input":"required name=search_term_string"}],"inLanguage":"pt-BR"},{"@type":"WebPage","@id":"https:\/\/arenacp.com.br\/revista-country-fever\/sobre\/","url":"https:\/\/arenacp.com.br\/revista-country-fever\/sobre\/","name":"Sobre - Revista Country Fever","isPartOf":{"@id":"https:\/\/arenacp.com.br\/revista-country-fever\/#website"},"datePublished":"2018-12-10T15:50:44+00:00","dateModified":"2018-12-11T12:15:26+00:00","breadcrumb":{"@id":"https:\/\/arenacp.com.br\/revista-country-fever\/sobre\/#breadcrumb"},"inLanguage":"pt-BR","potentialAction":[{"@type":"ReadAction","target":["https:\/\/arenacp.com.br\/revista-country-fever\/sobre\/"]}]},{"@type":"BreadcrumbList","@id":"https:\/\/arenacp.com.br\/revista-country-fever\/sobre\/#breadcrumb","itemListElement":[{"@type":"ListItem","position":1,"name":"In\u00edcio","item":"https:\/\/arenacp.com.br\/revista-country-fever\/"},{"@type":"ListItem","position":2,"name":"Sobre"}]}]}},"_links":{"self":[{"href":"https:\/\/arenacp.com.br\/revista-country-fever\/wp-json\/wp\/v2\/pages\/42"}],"collection":[{"href":"https:\/\/arenacp.com.br\/revista-country-fever\/wp-json\/wp\/v2\/pages"}],"about":[{"href":"https:\/\/arenacp.com.br\/revista-country-fever\/wp-json\/wp\/v2\/types\/page"}],"author":[{"embeddable":true,"href":"https:\/\/arenacp.com.br\/revista-country-fever\/wp-json\/wp\/v2\/users\/1"}],"replies":[{"embeddable":true,"href":"https:\/\/arenacp.com.br\/revista-country-fever\/wp-json\/wp\/v2\/comments?post=42"}],"version-history":[{"count":4,"href":"https:\/\/arenacp.com.br\/revista-country-fever\/wp-json\/wp\/v2\/pages\/42\/revisions"}],"predecessor-version":[{"id":75,"href":"https:\/\/arenacp.com.br\/revista-country-fever\/wp-json\/wp\/v2\/pages\/42\/revisions\/75"}],"wp:attachment":[{"href":"https:\/\/arenacp.com.br\/revista-country-fever\/wp-json\/wp\/v2\/media?parent=42"}],"curies":[{"name":"wp","href":"https:\/\/api.w.org\/{rel}","templated":true}]}}