{"id":12,"date":"2020-06-30T16:39:22","date_gmt":"2020-06-30T19:39:22","guid":{"rendered":"https:\/\/arenacp.com.br\/direto-ao-ponto\/?page_id=12"},"modified":"2026-02-09T16:21:20","modified_gmt":"2026-02-09T19:21:20","slug":"sobre","status":"publish","type":"page","link":"https:\/\/arenacp.com.br\/direto-ao-ponto\/sobre\/","title":{"rendered":"Sobre"},"content":{"rendered":"<h1>\n\t\tConhe\u00e7a Mais do direto ao ponto\n\t<\/h1>\n\t<p>Direto ao Ponto, apresentado por <strong>Juju Cizotto<\/strong>, \u00e9 mais do que um programa de entrevistas, \u00e9 um espa\u00e7o de conex\u00e3o, verdade e conte\u00fado que transforma. Com uma proposta clara e objetiva, Juju conduz conversas francas e envolventes com profissionais, empres\u00e1rios, especialistas e personalidades que t\u00eam hist\u00f3rias inspiradoras para compartilhar.<\/p>\n<p>Gravado em <strong>S\u00e3o Jos\u00e9 do Rio Preto (SP)<\/strong>, o programa se destaca pelo formato din\u00e2mico e pelo olhar sens\u00edvel da apresentadora, que sabe equilibrar informa\u00e7\u00e3o e emo\u00e7\u00e3o. Cada epis\u00f3dio traz experi\u00eancias reais, trajet\u00f3rias de supera\u00e7\u00e3o, conhecimento t\u00e9cnico e debates atuais, sempre com uma linguagem acess\u00edvel e pr\u00f3xima do p\u00fablico.<\/p>\n<p>No <strong>YouTube, Tv Morada do Sol e TV Rio Preto<\/strong>, o Direto ao Ponto amplia seu alcance e fortalece seu prop\u00f3sito: levar conte\u00fado relevante, inspirar pessoas e dar voz a hist\u00f3rias que merecem ser ouvidas.<\/p>\n<p>Com autenticidade e personalidade, <strong>Juju Cizotto<\/strong> transforma cada entrevista em um encontro marcante \u2014 direto, humano e cheio de prop\u00f3sito.<\/p>\n\t\t\t\t<img loading=\"lazy\" decoding=\"async\" src=\"https:\/\/arenacp.com.br\/direto-ao-ponto\/wp-content\/uploads\/2020\/07\/foto-juju-cizzoto.png\" alt=\"foto-juju-cizzoto\" itemprop=\"image\" height=\"600\" width=\"279\" title=\"foto-juju-cizzoto\" onerror=\"this.style.display='none'\"  \/>\n","protected":false},"excerpt":{"rendered":"<p>Conhe\u00e7a Mais do direto ao ponto Direto ao Ponto, apresentado por Juju Cizotto, \u00e9 mais do que um programa de entrevistas, \u00e9 um espa\u00e7o de conex\u00e3o, verdade e conte\u00fado que transforma. Com uma proposta clara e objetiva, Juju conduz conversas francas e envolventes com profissionais, empres\u00e1rios, especialistas e personalidades que t\u00eam hist\u00f3rias inspiradoras para compartilhar.&hellip;<\/p>\n","protected":false},"author":1,"featured_media":0,"parent":0,"menu_order":0,"comment_status":"closed","ping_status":"closed","template":"","meta":{"_mi_skip_tracking":false,"footnotes":""},"class_list":["post-12","page","type-page","status-publish","hentry"],"yoast_head":"<!-- This site is optimized with the Yoast SEO plugin v19.4 - https:\/\/yoast.com\/wordpress\/plugins\/seo\/ -->\n<title>Sobre - Direto ao Ponto<\/title>\n<meta name=\"description\" content=\"O programa Direto ao Ponto foi idealizado em nosso ref\u00fagio, Ibir\u00e1\/SP, onde nasceu a maioria de nossos projetos nesses \u00faltimos dez anos.Estava eu e Carlinhos Pinheiro aproveitando um dos nossos poucos momentos de descanso em um domingo a tarde e dessa vez est\u00e1vamos falando sobre minha origem e ess\u00eancia.Nasci e fui criada na ro\u00e7a de p\u00e9s descal\u00e7os na terra, em meio aos animais, \u00e0 natureza e do rodeio. Sempre fui apaixonada por essa ess\u00eancia sertaneja, que trago no sangue, e desde pequena vi como tudo acontece desde o princ\u00edpio para que aconte\u00e7a um rodeio. Poucos sabem a origem, poucos sabem a luta de cada um que \u00e9 respons\u00e1vel por fazer acontecer esse evento t\u00e3o maravilhoso. E \u00e9 Atr\u00e1s dos Bretes que a m\u00e1gica acontece!O Show iluminado, a m\u00fasica boa, a emo\u00e7\u00e3o das montarias, o som das arquibancadas, o rodeio que todo mundo aplaude de p\u00e9, tira o chap\u00e9u e n\u00e3o v\u00ea a hora de chegar o pr\u00f3ximo para estar l\u00e1 novamente n\u00e3o aconteceria se n\u00e3o houvessem os profissionais Atr\u00e1s dos Bretes. A origem de toda essa grandeza vem de onde sempre admirei por conta de cada profissional envolvido, desde a escolha da arena, a montagem de cada detalhe, o som, a ilumina\u00e7\u00e3o, a programa\u00e7\u00e3o das provas, o catador de latinhas, os barraqueiros e tudo que a porteira esconde e a multid\u00e3o pouco v\u00ea.Eu sou Juju Cizzoto e vou mostrar para voc\u00eas que al\u00e9m de gl\u00f3ria e emo\u00e7\u00e3o o rodeio \u00e9 feito de muito trabalho, esfor\u00e7o e dedica\u00e7\u00e3o!\" \/>\n<meta name=\"robots\" content=\"index, follow, max-snippet:-1, max-image-preview:large, max-video-preview:-1\" \/>\n<link rel=\"canonical\" href=\"https:\/\/arenacp.com.br\/direto-ao-ponto\/sobre\/\" \/>\n<meta property=\"og:locale\" content=\"pt_BR\" \/>\n<meta property=\"og:type\" content=\"article\" \/>\n<meta property=\"og:title\" content=\"Sobre - Direto ao Ponto\" \/>\n<meta property=\"og:description\" content=\"O programa Direto ao Ponto foi idealizado em nosso ref\u00fagio, Ibir\u00e1\/SP, onde nasceu a maioria de nossos projetos nesses \u00faltimos dez anos.Estava eu e Carlinhos Pinheiro aproveitando um dos nossos poucos momentos de descanso em um domingo a tarde e dessa vez est\u00e1vamos falando sobre minha origem e ess\u00eancia.Nasci e fui criada na ro\u00e7a de p\u00e9s descal\u00e7os na terra, em meio aos animais, \u00e0 natureza e do rodeio. Sempre fui apaixonada por essa ess\u00eancia sertaneja, que trago no sangue, e desde pequena vi como tudo acontece desde o princ\u00edpio para que aconte\u00e7a um rodeio. Poucos sabem a origem, poucos sabem a luta de cada um que \u00e9 respons\u00e1vel por fazer acontecer esse evento t\u00e3o maravilhoso. E \u00e9 Atr\u00e1s dos Bretes que a m\u00e1gica acontece!O Show iluminado, a m\u00fasica boa, a emo\u00e7\u00e3o das montarias, o som das arquibancadas, o rodeio que todo mundo aplaude de p\u00e9, tira o chap\u00e9u e n\u00e3o v\u00ea a hora de chegar o pr\u00f3ximo para estar l\u00e1 novamente n\u00e3o aconteceria se n\u00e3o houvessem os profissionais Atr\u00e1s dos Bretes. A origem de toda essa grandeza vem de onde sempre admirei por conta de cada profissional envolvido, desde a escolha da arena, a montagem de cada detalhe, o som, a ilumina\u00e7\u00e3o, a programa\u00e7\u00e3o das provas, o catador de latinhas, os barraqueiros e tudo que a porteira esconde e a multid\u00e3o pouco v\u00ea.Eu sou Juju Cizzoto e vou mostrar para voc\u00eas que al\u00e9m de gl\u00f3ria e emo\u00e7\u00e3o o rodeio \u00e9 feito de muito trabalho, esfor\u00e7o e dedica\u00e7\u00e3o!\" \/>\n<meta property=\"og:url\" content=\"https:\/\/arenacp.com.br\/direto-ao-ponto\/sobre\/\" \/>\n<meta property=\"og:site_name\" content=\"Direto ao Ponto\" \/>\n<meta property=\"article:modified_time\" content=\"2026-02-09T19:21:20+00:00\" \/>\n<meta property=\"og:image\" content=\"https:\/\/arenacp.com.br\/direto-ao-ponto\/wp-content\/uploads\/2020\/07\/foto-juju-cizzoto.png\" \/>\n<meta name=\"twitter:card\" content=\"summary_large_image\" \/>\n<meta name=\"twitter:label1\" content=\"Est. tempo de leitura\" \/>\n\t<meta name=\"twitter:data1\" content=\"2 minutos\" \/>\n<script type=\"application\/ld+json\" class=\"yoast-schema-graph\">{\"@context\":\"https:\/\/schema.org\",\"@graph\":[{\"@type\":\"WebSite\",\"@id\":\"https:\/\/arenacp.com.br\/direto-ao-ponto\/#website\",\"url\":\"https:\/\/arenacp.com.br\/direto-ao-ponto\/\",\"name\":\"Direto ao Ponto\",\"description\":\"\",\"potentialAction\":[{\"@type\":\"SearchAction\",\"target\":{\"@type\":\"EntryPoint\",\"urlTemplate\":\"https:\/\/arenacp.com.br\/direto-ao-ponto\/?s={search_term_string}\"},\"query-input\":\"required name=search_term_string\"}],\"inLanguage\":\"pt-BR\"},{\"@type\":\"WebPage\",\"@id\":\"https:\/\/arenacp.com.br\/direto-ao-ponto\/sobre\/\",\"url\":\"https:\/\/arenacp.com.br\/direto-ao-ponto\/sobre\/\",\"name\":\"Sobre - Direto ao Ponto\",\"isPartOf\":{\"@id\":\"https:\/\/arenacp.com.br\/direto-ao-ponto\/#website\"},\"datePublished\":\"2020-06-30T19:39:22+00:00\",\"dateModified\":\"2026-02-09T19:21:20+00:00\",\"description\":\"O programa Direto ao Ponto foi idealizado em nosso ref\u00fagio, Ibir\u00e1\/SP, onde nasceu a maioria de nossos projetos nesses \u00faltimos dez anos.Estava eu e Carlinhos Pinheiro aproveitando um dos nossos poucos momentos de descanso em um domingo a tarde e dessa vez est\u00e1vamos falando sobre minha origem e ess\u00eancia.Nasci e fui criada na ro\u00e7a de p\u00e9s descal\u00e7os na terra, em meio aos animais, \u00e0 natureza e do rodeio. Sempre fui apaixonada por essa ess\u00eancia sertaneja, que trago no sangue, e desde pequena vi como tudo acontece desde o princ\u00edpio para que aconte\u00e7a um rodeio. Poucos sabem a origem, poucos sabem a luta de cada um que \u00e9 respons\u00e1vel por fazer acontecer esse evento t\u00e3o maravilhoso. E \u00e9 Atr\u00e1s dos Bretes que a m\u00e1gica acontece!O Show iluminado, a m\u00fasica boa, a emo\u00e7\u00e3o das montarias, o som das arquibancadas, o rodeio que todo mundo aplaude de p\u00e9, tira o chap\u00e9u e n\u00e3o v\u00ea a hora de chegar o pr\u00f3ximo para estar l\u00e1 novamente n\u00e3o aconteceria se n\u00e3o houvessem os profissionais Atr\u00e1s dos Bretes. A origem de toda essa grandeza vem de onde sempre admirei por conta de cada profissional envolvido, desde a escolha da arena, a montagem de cada detalhe, o som, a ilumina\u00e7\u00e3o, a programa\u00e7\u00e3o das provas, o catador de latinhas, os barraqueiros e tudo que a porteira esconde e a multid\u00e3o pouco v\u00ea.Eu sou Juju Cizzoto e vou mostrar para voc\u00eas que al\u00e9m de gl\u00f3ria e emo\u00e7\u00e3o o rodeio \u00e9 feito de muito trabalho, esfor\u00e7o e dedica\u00e7\u00e3o!\",\"breadcrumb\":{\"@id\":\"https:\/\/arenacp.com.br\/direto-ao-ponto\/sobre\/#breadcrumb\"},\"inLanguage\":\"pt-BR\",\"potentialAction\":[{\"@type\":\"ReadAction\",\"target\":[\"https:\/\/arenacp.com.br\/direto-ao-ponto\/sobre\/\"]}]},{\"@type\":\"BreadcrumbList\",\"@id\":\"https:\/\/arenacp.com.br\/direto-ao-ponto\/sobre\/#breadcrumb\",\"itemListElement\":[{\"@type\":\"ListItem\",\"position\":1,\"name\":\"In\u00edcio\",\"item\":\"https:\/\/arenacp.com.br\/direto-ao-ponto\/\"},{\"@type\":\"ListItem\",\"position\":2,\"name\":\"Sobre\"}]}]}<\/script>\n<!-- \/ Yoast SEO plugin. -->","yoast_head_json":{"title":"Sobre - Direto ao Ponto","description":"O programa Direto ao Ponto foi idealizado em nosso ref\u00fagio, Ibir\u00e1\/SP, onde nasceu a maioria de nossos projetos nesses \u00faltimos dez anos.Estava eu e Carlinhos Pinheiro aproveitando um dos nossos poucos momentos de descanso em um domingo a tarde e dessa vez est\u00e1vamos falando sobre minha origem e ess\u00eancia.Nasci e fui criada na ro\u00e7a de p\u00e9s descal\u00e7os na terra, em meio aos animais, \u00e0 natureza e do rodeio. Sempre fui apaixonada por essa ess\u00eancia sertaneja, que trago no sangue, e desde pequena vi como tudo acontece desde o princ\u00edpio para que aconte\u00e7a um rodeio. Poucos sabem a origem, poucos sabem a luta de cada um que \u00e9 respons\u00e1vel por fazer acontecer esse evento t\u00e3o maravilhoso. E \u00e9 Atr\u00e1s dos Bretes que a m\u00e1gica acontece!O Show iluminado, a m\u00fasica boa, a emo\u00e7\u00e3o das montarias, o som das arquibancadas, o rodeio que todo mundo aplaude de p\u00e9, tira o chap\u00e9u e n\u00e3o v\u00ea a hora de chegar o pr\u00f3ximo para estar l\u00e1 novamente n\u00e3o aconteceria se n\u00e3o houvessem os profissionais Atr\u00e1s dos Bretes. A origem de toda essa grandeza vem de onde sempre admirei por conta de cada profissional envolvido, desde a escolha da arena, a montagem de cada detalhe, o som, a ilumina\u00e7\u00e3o, a programa\u00e7\u00e3o das provas, o catador de latinhas, os barraqueiros e tudo que a porteira esconde e a multid\u00e3o pouco v\u00ea.Eu sou Juju Cizzoto e vou mostrar para voc\u00eas que al\u00e9m de gl\u00f3ria e emo\u00e7\u00e3o o rodeio \u00e9 feito de muito trabalho, esfor\u00e7o e dedica\u00e7\u00e3o!","robots":{"index":"index","follow":"follow","max-snippet":"max-snippet:-1","max-image-preview":"max-image-preview:large","max-video-preview":"max-video-preview:-1"},"canonical":"https:\/\/arenacp.com.br\/direto-ao-ponto\/sobre\/","og_locale":"pt_BR","og_type":"article","og_title":"Sobre - Direto ao Ponto","og_description":"O programa Direto ao Ponto foi idealizado em nosso ref\u00fagio, Ibir\u00e1\/SP, onde nasceu a maioria de nossos projetos nesses \u00faltimos dez anos.Estava eu e Carlinhos Pinheiro aproveitando um dos nossos poucos momentos de descanso em um domingo a tarde e dessa vez est\u00e1vamos falando sobre minha origem e ess\u00eancia.Nasci e fui criada na ro\u00e7a de p\u00e9s descal\u00e7os na terra, em meio aos animais, \u00e0 natureza e do rodeio. Sempre fui apaixonada por essa ess\u00eancia sertaneja, que trago no sangue, e desde pequena vi como tudo acontece desde o princ\u00edpio para que aconte\u00e7a um rodeio. Poucos sabem a origem, poucos sabem a luta de cada um que \u00e9 respons\u00e1vel por fazer acontecer esse evento t\u00e3o maravilhoso. E \u00e9 Atr\u00e1s dos Bretes que a m\u00e1gica acontece!O Show iluminado, a m\u00fasica boa, a emo\u00e7\u00e3o das montarias, o som das arquibancadas, o rodeio que todo mundo aplaude de p\u00e9, tira o chap\u00e9u e n\u00e3o v\u00ea a hora de chegar o pr\u00f3ximo para estar l\u00e1 novamente n\u00e3o aconteceria se n\u00e3o houvessem os profissionais Atr\u00e1s dos Bretes. A origem de toda essa grandeza vem de onde sempre admirei por conta de cada profissional envolvido, desde a escolha da arena, a montagem de cada detalhe, o som, a ilumina\u00e7\u00e3o, a programa\u00e7\u00e3o das provas, o catador de latinhas, os barraqueiros e tudo que a porteira esconde e a multid\u00e3o pouco v\u00ea.Eu sou Juju Cizzoto e vou mostrar para voc\u00eas que al\u00e9m de gl\u00f3ria e emo\u00e7\u00e3o o rodeio \u00e9 feito de muito trabalho, esfor\u00e7o e dedica\u00e7\u00e3o!","og_url":"https:\/\/arenacp.com.br\/direto-ao-ponto\/sobre\/","og_site_name":"Direto ao Ponto","article_modified_time":"2026-02-09T19:21:20+00:00","og_image":[{"url":"https:\/\/arenacp.com.br\/direto-ao-ponto\/wp-content\/uploads\/2020\/07\/foto-juju-cizzoto.png"}],"twitter_card":"summary_large_image","twitter_misc":{"Est. tempo de leitura":"2 minutos"},"schema":{"@context":"https:\/\/schema.org","@graph":[{"@type":"WebSite","@id":"https:\/\/arenacp.com.br\/direto-ao-ponto\/#website","url":"https:\/\/arenacp.com.br\/direto-ao-ponto\/","name":"Direto ao Ponto","description":"","potentialAction":[{"@type":"SearchAction","target":{"@type":"EntryPoint","urlTemplate":"https:\/\/arenacp.com.br\/direto-ao-ponto\/?s={search_term_string}"},"query-input":"required name=search_term_string"}],"inLanguage":"pt-BR"},{"@type":"WebPage","@id":"https:\/\/arenacp.com.br\/direto-ao-ponto\/sobre\/","url":"https:\/\/arenacp.com.br\/direto-ao-ponto\/sobre\/","name":"Sobre - Direto ao Ponto","isPartOf":{"@id":"https:\/\/arenacp.com.br\/direto-ao-ponto\/#website"},"datePublished":"2020-06-30T19:39:22+00:00","dateModified":"2026-02-09T19:21:20+00:00","description":"O programa Direto ao Ponto foi idealizado em nosso ref\u00fagio, Ibir\u00e1\/SP, onde nasceu a maioria de nossos projetos nesses \u00faltimos dez anos.Estava eu e Carlinhos Pinheiro aproveitando um dos nossos poucos momentos de descanso em um domingo a tarde e dessa vez est\u00e1vamos falando sobre minha origem e ess\u00eancia.Nasci e fui criada na ro\u00e7a de p\u00e9s descal\u00e7os na terra, em meio aos animais, \u00e0 natureza e do rodeio. Sempre fui apaixonada por essa ess\u00eancia sertaneja, que trago no sangue, e desde pequena vi como tudo acontece desde o princ\u00edpio para que aconte\u00e7a um rodeio. Poucos sabem a origem, poucos sabem a luta de cada um que \u00e9 respons\u00e1vel por fazer acontecer esse evento t\u00e3o maravilhoso. E \u00e9 Atr\u00e1s dos Bretes que a m\u00e1gica acontece!O Show iluminado, a m\u00fasica boa, a emo\u00e7\u00e3o das montarias, o som das arquibancadas, o rodeio que todo mundo aplaude de p\u00e9, tira o chap\u00e9u e n\u00e3o v\u00ea a hora de chegar o pr\u00f3ximo para estar l\u00e1 novamente n\u00e3o aconteceria se n\u00e3o houvessem os profissionais Atr\u00e1s dos Bretes. A origem de toda essa grandeza vem de onde sempre admirei por conta de cada profissional envolvido, desde a escolha da arena, a montagem de cada detalhe, o som, a ilumina\u00e7\u00e3o, a programa\u00e7\u00e3o das provas, o catador de latinhas, os barraqueiros e tudo que a porteira esconde e a multid\u00e3o pouco v\u00ea.Eu sou Juju Cizzoto e vou mostrar para voc\u00eas que al\u00e9m de gl\u00f3ria e emo\u00e7\u00e3o o rodeio \u00e9 feito de muito trabalho, esfor\u00e7o e dedica\u00e7\u00e3o!","breadcrumb":{"@id":"https:\/\/arenacp.com.br\/direto-ao-ponto\/sobre\/#breadcrumb"},"inLanguage":"pt-BR","potentialAction":[{"@type":"ReadAction","target":["https:\/\/arenacp.com.br\/direto-ao-ponto\/sobre\/"]}]},{"@type":"BreadcrumbList","@id":"https:\/\/arenacp.com.br\/direto-ao-ponto\/sobre\/#breadcrumb","itemListElement":[{"@type":"ListItem","position":1,"name":"In\u00edcio","item":"https:\/\/arenacp.com.br\/direto-ao-ponto\/"},{"@type":"ListItem","position":2,"name":"Sobre"}]}]}},"_links":{"self":[{"href":"https:\/\/arenacp.com.br\/direto-ao-ponto\/wp-json\/wp\/v2\/pages\/12","targetHints":{"allow":["GET"]}}],"collection":[{"href":"https:\/\/arenacp.com.br\/direto-ao-ponto\/wp-json\/wp\/v2\/pages"}],"about":[{"href":"https:\/\/arenacp.com.br\/direto-ao-ponto\/wp-json\/wp\/v2\/types\/page"}],"author":[{"embeddable":true,"href":"https:\/\/arenacp.com.br\/direto-ao-ponto\/wp-json\/wp\/v2\/users\/1"}],"replies":[{"embeddable":true,"href":"https:\/\/arenacp.com.br\/direto-ao-ponto\/wp-json\/wp\/v2\/comments?post=12"}],"version-history":[{"count":16,"href":"https:\/\/arenacp.com.br\/direto-ao-ponto\/wp-json\/wp\/v2\/pages\/12\/revisions"}],"predecessor-version":[{"id":3415,"href":"https:\/\/arenacp.com.br\/direto-ao-ponto\/wp-json\/wp\/v2\/pages\/12\/revisions\/3415"}],"wp:attachment":[{"href":"https:\/\/arenacp.com.br\/direto-ao-ponto\/wp-json\/wp\/v2\/media?parent=12"}],"curies":[{"name":"wp","href":"https:\/\/api.w.org\/{rel}","templated":true}]}}