
{"id":56,"date":"2018-12-13T15:48:52","date_gmt":"2018-12-13T17:48:52","guid":{"rendered":"https:\/\/arenacp.com.br\/carlinhos-pinheiro\/?page_id=56"},"modified":"2021-05-07T09:51:36","modified_gmt":"2021-05-07T12:51:36","slug":"contato","status":"publish","type":"page","link":"https:\/\/arenacp.com.br\/carlinhos-pinheiro\/contato\/","title":{"rendered":"Contato"},"content":{"rendered":"\n<h1>\n\t\t<i>CONTATO<\/i>\n\t<\/h1>\n\tEntre em contato atrav\u00e9s do formul\u00e1rio abaixo para d\u00favidas, cr\u00edticas ou sugest\u00f5es. Retornaremos em breve!<br \/>\n(17) 3211-1400<br \/>\n(17) 99766-7350<br \/>\njornalismo@revistacountryfever.com.br<br \/>\nfinanceiro@revistacountryfever.com.br\n\t<div role=\"form\" class=\"wpcf7\" id=\"wpcf7-f60-o1\" lang=\"pt-BR\" dir=\"ltr\">\n<div class=\"screen-reader-response\"><p role=\"status\" aria-live=\"polite\" aria-atomic=\"true\"><\/p> <ul><\/ul><\/div>\n<form action=\"\/carlinhos-pinheiro\/wp-json\/wp\/v2\/pages\/56#wpcf7-f60-o1\" method=\"post\" class=\"wpcf7-form init\" novalidate=\"novalidate\" data-status=\"init\">\n<div style=\"display: none;\">\n<input type=\"hidden\" name=\"_wpcf7\" value=\"60\" \/>\n<input type=\"hidden\" name=\"_wpcf7_version\" value=\"5.6.1\" \/>\n<input type=\"hidden\" name=\"_wpcf7_locale\" value=\"pt_BR\" \/>\n<input type=\"hidden\" name=\"_wpcf7_unit_tag\" value=\"wpcf7-f60-o1\" \/>\n<input type=\"hidden\" name=\"_wpcf7_container_post\" value=\"0\" \/>\n<input type=\"hidden\" name=\"_wpcf7_posted_data_hash\" value=\"\" \/>\n<\/div>\n<div class=\"row form-group\">\n<div class=\"col-md-6 col-sm-12 col-xs-12 padding-bottom-15px-mob\">\n\t\t<span style=\"font-family: 'Dosis', sans-serif; color: #888888; font-weight: bold;\">Nome<\/span><br \/>\n\t\t<span class=\"wpcf7-form-control-wrap\" data-name=\"nome\"><input type=\"text\" name=\"nome\" value=\"\" size=\"40\" maxlength=\"100\" class=\"wpcf7-form-control wpcf7-text wpcf7-validates-as-required form-control campo-interna\" aria-required=\"true\" aria-invalid=\"false\" placeholder=\"nome completo*\" \/><\/span>\n\t<\/div>\n<div class=\"col-md-6 col-sm-12 col-xs-12\">\n\t\t<span style=\"font-family: 'Dosis', sans-serif; color: #888888; font-weight: bold;\">Telefone<\/span><br \/>\n\t\t<span class=\"wpcf7-form-control-wrap\" data-name=\"telefone\"><input type=\"text\" name=\"telefone\" value=\"\" size=\"40\" maxlength=\"100\" class=\"wpcf7-form-control wpcf7-text form-control campo-interna\" id=\"telefone\" aria-invalid=\"false\" placeholder=\"digite seu telefone\" \/><\/span>\n\t<\/div>\n<\/div>\n<div class=\"row form-group\">\n<div class=\"col-md-12 col-sm-12 col-xs-12\">\n\t\t<span style=\"font-family: 'Dosis', sans-serif; color: #888888; font-weight: bold;\">E-mail<\/span><br \/>\n\t\t<span class=\"wpcf7-form-control-wrap\" data-name=\"email\"><input type=\"email\" name=\"email\" value=\"\" size=\"40\" maxlength=\"100\" class=\"wpcf7-form-control wpcf7-text wpcf7-email wpcf7-validates-as-email form-control campo-interna\" aria-invalid=\"false\" placeholder=\"digite seu e-mail\" \/><\/span>\n\t<\/div>\n<\/div>\n<div class=\"row form-group\">\n<div class=\"col-md-5 col-sm-12 col-xs-12 padding-bottom-15px-mob\">\n\t\t<span style=\"font-family: 'Dosis', sans-serif; color: #888888; font-weight: bold;\">Cidade<\/span><br \/>\n\t\t<span class=\"wpcf7-form-control-wrap\" data-name=\"cidade\"><input type=\"text\" name=\"cidade\" value=\"\" size=\"40\" maxlength=\"100\" class=\"wpcf7-form-control wpcf7-text form-control campo-interna\" aria-invalid=\"false\" placeholder=\"digite a cidade\" \/><\/span>\n\t<\/div>\n<div class=\"col-md-1 col-sm-12 col-xs-12\">\n\t\t<span style=\"font-family: 'Dosis', sans-serif; color: #888888; font-weight: bold;\">Estado<\/span><br \/>\n\t\t<span class=\"wpcf7-form-control-wrap\" data-name=\"estado\"><select name=\"estado\" class=\"wpcf7-form-control wpcf7-select wpcf7-validates-as-required form-control campo-interna\" aria-required=\"true\" aria-invalid=\"false\"><option value=\"\">---<\/option><option value=\"AC\">AC<\/option><option value=\"AL\">AL<\/option><option value=\"AP\">AP<\/option><option value=\"AM\">AM<\/option><option value=\"BA\">BA<\/option><option value=\"CE\">CE<\/option><option value=\"DF\">DF<\/option><option value=\"ES\">ES<\/option><option value=\"GO\">GO<\/option><option value=\"MA\">MA<\/option><option value=\"MT\">MT<\/option><option value=\"MS\">MS<\/option><option value=\"MG\">MG<\/option><option value=\"PA\">PA<\/option><option value=\"PB\">PB<\/option><option value=\"PR\">PR<\/option><option value=\"PE\">PE<\/option><option value=\"PI\">PI<\/option><option value=\"RJ\">RJ<\/option><option value=\"RN\">RN<\/option><option value=\"RS\">RS<\/option><option value=\"RO\">RO<\/option><option value=\"RR\">RR<\/option><option value=\"SC\">SC<\/option><option value=\"SP\">SP<\/option><option value=\"SE\">SE<\/option><option value=\"TO\">TO<\/option><\/select><\/span>\n\t<\/div>\n<\/div>\n<div class=\"row form-group\">\n<div class=\"col-md-12 col-sm-12 col-xs-12\">\n\t\t<span class=\"wpcf7-form-control-wrap\" data-name=\"mensagem\"><textarea name=\"mensagem\" cols=\"40\" rows=\"10\" maxlength=\"500\" class=\"wpcf7-form-control wpcf7-textarea wpcf7-validates-as-required form-control campo-interna\" aria-required=\"true\" aria-invalid=\"false\" placeholder=\"mensagem*\"><\/textarea><\/span>\n\t<\/div>\n<\/div>\n<div class=\"row form-group\">\n<div class=\"col-md-6 col-sm-6 col-xs-6 padding-bottom-15px-mob\">\n\t\t<input type=\"submit\" value=\"Enviar\" class=\"wpcf7-form-control has-spinner wpcf7-submit btn-enviar\" \/>\n\t<\/div>\n<div class=\"col-md-6 col-sm-6 col-xs-6 text-right\">\n\t\t<input type=\"reset\" value=\"Limpar\" class=\"btn-limpar\">\n\t<\/div>\n<\/div>\n<div class=\"wpcf7-response-output\" aria-hidden=\"true\"><\/div><\/form><\/div>\n    <script>\r\n        jQuery(document).ready(function($) {\r\n            var SPMaskBehavior = function(val) {\r\n                    return val.replace(\/\\D\/g, '').length === 11 ? '(00) 00000-0000' : '(00) 0000-00009';\r\n                },\r\n\r\n                spOptions = {\r\n                    onKeyPress: function(val, e, field, options) {\r\n                        field.mask(SPMaskBehavior.apply({}, arguments), options);\r\n                    }\r\n                };\r\n\r\n            $('#telefone').mask(SPMaskBehavior, spOptions);\r\n        });\r\n    <\/script>\r\n\n\t<iframe src=\"https:\/\/www.google.com\/maps\/embed\/v1\/place?q=arena+cp&#038;key=AIzaSyD09zQ9PNDNNy9TadMuzRV_UsPUoWKntt8\" aria-hidden=\"true\"><\/iframe>\n\n","protected":false},"excerpt":{"rendered":"<p>CONTATO Entre em contato atrav\u00e9s do formul\u00e1rio abaixo para d\u00favidas, cr\u00edticas ou sugest\u00f5es. Retornaremos em breve! (17) 3211-1400 (17) 99766-7350 jornalismo@revistacountryfever.com.br financeiro@revistacountryfever.com.br<\/p>\n","protected":false},"author":5,"featured_media":0,"parent":0,"menu_order":4,"comment_status":"closed","ping_status":"closed","template":"","meta":{"_mi_skip_tracking":false},"yoast_head":"<!-- This site is optimized with the Yoast SEO plugin v19.4 - https:\/\/yoast.com\/wordpress\/plugins\/seo\/ -->\n<title>Contato - Carlinhos Pinheiro<\/title>\n<meta name=\"robots\" content=\"index, follow, max-snippet:-1, max-image-preview:large, max-video-preview:-1\" \/>\n<link rel=\"canonical\" href=\"https:\/\/arenacp.com.br\/carlinhos-pinheiro\/contato\/\" \/>\n<meta property=\"og:locale\" content=\"pt_BR\" \/>\n<meta property=\"og:type\" content=\"article\" \/>\n<meta property=\"og:title\" content=\"Contato - Carlinhos Pinheiro\" \/>\n<meta property=\"og:description\" content=\"CONTATO Entre em contato atrav\u00e9s do formul\u00e1rio abaixo para d\u00favidas, cr\u00edticas ou sugest\u00f5es. Retornaremos em breve! (17) 3211-1400 (17) 99766-7350 jornalismo@revistacountryfever.com.br financeiro@revistacountryfever.com.br\" \/>\n<meta property=\"og:url\" content=\"https:\/\/arenacp.com.br\/carlinhos-pinheiro\/contato\/\" \/>\n<meta property=\"og:site_name\" content=\"Carlinhos Pinheiro\" \/>\n<meta property=\"article:modified_time\" content=\"2021-05-07T12:51:36+00:00\" \/>\n<meta name=\"twitter:card\" content=\"summary_large_image\" \/>\n<script type=\"application\/ld+json\" class=\"yoast-schema-graph\">{\"@context\":\"https:\/\/schema.org\",\"@graph\":[{\"@type\":\"WebSite\",\"@id\":\"https:\/\/arenacp.com.br\/carlinhos-pinheiro\/#website\",\"url\":\"https:\/\/arenacp.com.br\/carlinhos-pinheiro\/\",\"name\":\"Carlinhos Pinheiro\",\"description\":\"\",\"potentialAction\":[{\"@type\":\"SearchAction\",\"target\":{\"@type\":\"EntryPoint\",\"urlTemplate\":\"https:\/\/arenacp.com.br\/carlinhos-pinheiro\/?s={search_term_string}\"},\"query-input\":\"required name=search_term_string\"}],\"inLanguage\":\"pt-BR\"},{\"@type\":\"WebPage\",\"@id\":\"https:\/\/arenacp.com.br\/carlinhos-pinheiro\/contato\/\",\"url\":\"https:\/\/arenacp.com.br\/carlinhos-pinheiro\/contato\/\",\"name\":\"Contato - Carlinhos Pinheiro\",\"isPartOf\":{\"@id\":\"https:\/\/arenacp.com.br\/carlinhos-pinheiro\/#website\"},\"datePublished\":\"2018-12-13T17:48:52+00:00\",\"dateModified\":\"2021-05-07T12:51:36+00:00\",\"breadcrumb\":{\"@id\":\"https:\/\/arenacp.com.br\/carlinhos-pinheiro\/contato\/#breadcrumb\"},\"inLanguage\":\"pt-BR\",\"potentialAction\":[{\"@type\":\"ReadAction\",\"target\":[\"https:\/\/arenacp.com.br\/carlinhos-pinheiro\/contato\/\"]}]},{\"@type\":\"BreadcrumbList\",\"@id\":\"https:\/\/arenacp.com.br\/carlinhos-pinheiro\/contato\/#breadcrumb\",\"itemListElement\":[{\"@type\":\"ListItem\",\"position\":1,\"name\":\"In\u00edcio\",\"item\":\"https:\/\/arenacp.com.br\/carlinhos-pinheiro\/\"},{\"@type\":\"ListItem\",\"position\":2,\"name\":\"Contato\"}]}]}<\/script>\n<!-- \/ Yoast SEO plugin. -->","yoast_head_json":{"title":"Contato - Carlinhos Pinheiro","robots":{"index":"index","follow":"follow","max-snippet":"max-snippet:-1","max-image-preview":"max-image-preview:large","max-video-preview":"max-video-preview:-1"},"canonical":"https:\/\/arenacp.com.br\/carlinhos-pinheiro\/contato\/","og_locale":"pt_BR","og_type":"article","og_title":"Contato - Carlinhos Pinheiro","og_description":"CONTATO Entre em contato atrav\u00e9s do formul\u00e1rio abaixo para d\u00favidas, cr\u00edticas ou sugest\u00f5es. Retornaremos em breve! (17) 3211-1400 (17) 99766-7350 jornalismo@revistacountryfever.com.br financeiro@revistacountryfever.com.br","og_url":"https:\/\/arenacp.com.br\/carlinhos-pinheiro\/contato\/","og_site_name":"Carlinhos Pinheiro","article_modified_time":"2021-05-07T12:51:36+00:00","twitter_card":"summary_large_image","schema":{"@context":"https:\/\/schema.org","@graph":[{"@type":"WebSite","@id":"https:\/\/arenacp.com.br\/carlinhos-pinheiro\/#website","url":"https:\/\/arenacp.com.br\/carlinhos-pinheiro\/","name":"Carlinhos Pinheiro","description":"","potentialAction":[{"@type":"SearchAction","target":{"@type":"EntryPoint","urlTemplate":"https:\/\/arenacp.com.br\/carlinhos-pinheiro\/?s={search_term_string}"},"query-input":"required name=search_term_string"}],"inLanguage":"pt-BR"},{"@type":"WebPage","@id":"https:\/\/arenacp.com.br\/carlinhos-pinheiro\/contato\/","url":"https:\/\/arenacp.com.br\/carlinhos-pinheiro\/contato\/","name":"Contato - Carlinhos Pinheiro","isPartOf":{"@id":"https:\/\/arenacp.com.br\/carlinhos-pinheiro\/#website"},"datePublished":"2018-12-13T17:48:52+00:00","dateModified":"2021-05-07T12:51:36+00:00","breadcrumb":{"@id":"https:\/\/arenacp.com.br\/carlinhos-pinheiro\/contato\/#breadcrumb"},"inLanguage":"pt-BR","potentialAction":[{"@type":"ReadAction","target":["https:\/\/arenacp.com.br\/carlinhos-pinheiro\/contato\/"]}]},{"@type":"BreadcrumbList","@id":"https:\/\/arenacp.com.br\/carlinhos-pinheiro\/contato\/#breadcrumb","itemListElement":[{"@type":"ListItem","position":1,"name":"In\u00edcio","item":"https:\/\/arenacp.com.br\/carlinhos-pinheiro\/"},{"@type":"ListItem","position":2,"name":"Contato"}]}]}},"_links":{"self":[{"href":"https:\/\/arenacp.com.br\/carlinhos-pinheiro\/wp-json\/wp\/v2\/pages\/56"}],"collection":[{"href":"https:\/\/arenacp.com.br\/carlinhos-pinheiro\/wp-json\/wp\/v2\/pages"}],"about":[{"href":"https:\/\/arenacp.com.br\/carlinhos-pinheiro\/wp-json\/wp\/v2\/types\/page"}],"author":[{"embeddable":true,"href":"https:\/\/arenacp.com.br\/carlinhos-pinheiro\/wp-json\/wp\/v2\/users\/5"}],"replies":[{"embeddable":true,"href":"https:\/\/arenacp.com.br\/carlinhos-pinheiro\/wp-json\/wp\/v2\/comments?post=56"}],"version-history":[{"count":6,"href":"https:\/\/arenacp.com.br\/carlinhos-pinheiro\/wp-json\/wp\/v2\/pages\/56\/revisions"}],"predecessor-version":[{"id":3542,"href":"https:\/\/arenacp.com.br\/carlinhos-pinheiro\/wp-json\/wp\/v2\/pages\/56\/revisions\/3542"}],"wp:attachment":[{"href":"https:\/\/arenacp.com.br\/carlinhos-pinheiro\/wp-json\/wp\/v2\/media?parent=56"}],"curies":[{"name":"wp","href":"https:\/\/api.w.org\/{rel}","templated":true}]}}