
{"id":44,"date":"2018-12-13T15:19:43","date_gmt":"2018-12-13T17:19:43","guid":{"rendered":"https:\/\/arenacp.com.br\/carlinhos-pinheiro\/?page_id=44"},"modified":"2026-02-10T16:51:33","modified_gmt":"2026-02-10T19:51:33","slug":"carreira","status":"publish","type":"page","link":"https:\/\/arenacp.com.br\/carlinhos-pinheiro\/carreira\/","title":{"rendered":"Carreira"},"content":{"rendered":"\n<h1>\n\t\t<i>CARREIRA<\/i>\n\t<\/h1>\n\t\t\t\t<img loading=\"lazy\" src=\"https:\/\/arenacp.com.br\/carlinhos-pinheiro\/wp-content\/uploads\/2026\/02\/FOTOS-CP.jpg\" alt=\"FOTOS CP\" itemprop=\"image\" height=\"1500\" width=\"1000\" title=\"FOTOS CP\" onerror=\"this.style.display='none'\"  \/>\n<h1>\n\t\t<i>CARREIRA CONSOLIDADA<\/i>\n\t<\/h1>\n\t<p><strong>Carlinhos Pinheiro<\/strong> iniciou sua trajet\u00f3ria no rodeio em <strong>1989<\/strong>, atuando como <strong>locutor de publicidade<\/strong>. J\u00e1 em <strong>1990<\/strong>, recebeu uma oportunidade decisiva que marcaria sua carreira: convidado pelo consagrado locutor <strong>Toni Carreiro<\/strong>, narrou sua <strong>primeira festa do pe\u00e3o<\/strong> em <strong>Mon\u00e7\u00f5es-SP<\/strong>, no dia <strong>13 de junho de 1989<\/strong>. A partir desse momento, sua voz nunca mais saiu das arenas.<\/p>\n<p>Com talento, dedica\u00e7\u00e3o e profundo respeito pela cultura sertaneja e pelo rodeio, Carlinhos Pinheiro construiu uma carreira s\u00f3lida e reconhecida em todo o Brasil. Foi um dos locutores do <strong>Rio Preto Rodeio Country Bulls<\/strong> nos anos de <strong>1997 e 1998<\/strong>, al\u00e9m de narrar importantes <strong>provas cronometradas<\/strong>, como as de <strong>Barretos (1996)<\/strong>, <strong>Palestina-SP<\/strong>, <strong>Tabapu\u00e3-SP<\/strong>, <strong>Guapia\u00e7u-SP<\/strong>, entre muitas outras cidades brasileiras.<\/p>\n<p>Paralelamente \u00e0 locu\u00e7\u00e3o de arena, Carlinhos Pinheiro foi <strong>pioneiro na cobertura do rodeio nos meios de comunica\u00e7\u00e3o<\/strong>, levando o cultura do interior para o r\u00e1dio e o jornalismo impresso. Ao longo de sua trajet\u00f3ria, atuou em importantes ve\u00edculos como <strong>Metr\u00f3pole AM<\/strong>, <strong>Centro Am\u00e9rica AM<\/strong>, <strong>Difusora de Mirassol AM<\/strong>, <strong>R\u00e1dio Independ\u00eancia FM<\/strong>, al\u00e9m dos jornais <strong>Folha de Rio Preto<\/strong>, <strong>Jornal A Not\u00edcia<\/strong>, <strong>Folha de Mirassol<\/strong> e <strong>Jornal DHoje<\/strong>.<\/p>\n<p>Atualmente, como <strong>Propriet\u00e1rio e CEO<\/strong>, Carlinhos Pinheiro dedica-se \u00e0 gest\u00e3o do <strong>Arena CP<\/strong>, seu <strong>Grupo de Comunica\u00e7\u00e3o<\/strong>, que re\u00fane projetos relevantes e consolidados no cen\u00e1rio regional e nacional. O grupo engloba a <strong>Revista Country Fever<\/strong>, al\u00e9m de <strong>programas semanais ao vivo<\/strong>, como<strong> Arena Aberta<\/strong>, <strong>Arena News TV<\/strong>, <strong>Arena CP na Poltrona<\/strong> e o <strong>Programa Carlinhos Pinheiro<\/strong>, fortalecendo ainda mais a conex\u00e3o entre o rodeio, o agro, a comunica\u00e7\u00e3o e o p\u00fablico.<\/p>\n<p>Com mais de tr\u00eas d\u00e9cadas de hist\u00f3ria, Carlinhos Pinheiro segue sendo uma refer\u00eancia no rodeio e na comunica\u00e7\u00e3o, mantendo viva a tradi\u00e7\u00e3o, a informa\u00e7\u00e3o e a paix\u00e3o pelo universo sertanejo.<\/p>\n\n","protected":false},"excerpt":{"rendered":"<p>CARREIRA CARREIRA CONSOLIDADA Carlinhos Pinheiro iniciou sua trajet\u00f3ria no rodeio em 1989, atuando como locutor de publicidade. J\u00e1 em 1990, recebeu uma oportunidade decisiva que marcaria sua carreira: convidado pelo consagrado locutor Toni Carreiro, narrou sua primeira festa do pe\u00e3o em Mon\u00e7\u00f5es-SP, no dia 13 de junho de 1989. A partir desse momento, sua voz&hellip;<\/p>\n","protected":false},"author":5,"featured_media":0,"parent":0,"menu_order":3,"comment_status":"closed","ping_status":"closed","template":"","meta":{"_mi_skip_tracking":false},"yoast_head":"<!-- This site is optimized with the Yoast SEO plugin v19.4 - https:\/\/yoast.com\/wordpress\/plugins\/seo\/ -->\n<title>Carreira - Carlinhos Pinheiro<\/title>\n<meta name=\"robots\" content=\"index, follow, max-snippet:-1, max-image-preview:large, max-video-preview:-1\" \/>\n<link rel=\"canonical\" href=\"https:\/\/arenacp.com.br\/carlinhos-pinheiro\/carreira\/\" \/>\n<meta property=\"og:locale\" content=\"pt_BR\" \/>\n<meta property=\"og:type\" content=\"article\" \/>\n<meta property=\"og:title\" content=\"Carreira - Carlinhos Pinheiro\" \/>\n<meta property=\"og:description\" content=\"CARREIRA CARREIRA CONSOLIDADA Carlinhos Pinheiro iniciou sua trajet\u00f3ria no rodeio em 1989, atuando como locutor de publicidade. J\u00e1 em 1990, recebeu uma oportunidade decisiva que marcaria sua carreira: convidado pelo consagrado locutor Toni Carreiro, narrou sua primeira festa do pe\u00e3o em Mon\u00e7\u00f5es-SP, no dia 13 de junho de 1989. A partir desse momento, sua voz&hellip;\" \/>\n<meta property=\"og:url\" content=\"https:\/\/arenacp.com.br\/carlinhos-pinheiro\/carreira\/\" \/>\n<meta property=\"og:site_name\" content=\"Carlinhos Pinheiro\" \/>\n<meta property=\"article:modified_time\" content=\"2026-02-10T19:51:33+00:00\" \/>\n<meta property=\"og:image\" content=\"https:\/\/arenacp.com.br\/carlinhos-pinheiro\/wp-content\/uploads\/2026\/02\/FOTOS-CP.jpg\" \/>\n<meta name=\"twitter:card\" content=\"summary_large_image\" \/>\n<meta name=\"twitter:label1\" content=\"Est. tempo de leitura\" \/>\n\t<meta name=\"twitter:data1\" content=\"2 minutos\" \/>\n<script type=\"application\/ld+json\" class=\"yoast-schema-graph\">{\"@context\":\"https:\/\/schema.org\",\"@graph\":[{\"@type\":\"WebSite\",\"@id\":\"https:\/\/arenacp.com.br\/carlinhos-pinheiro\/#website\",\"url\":\"https:\/\/arenacp.com.br\/carlinhos-pinheiro\/\",\"name\":\"Carlinhos Pinheiro\",\"description\":\"\",\"potentialAction\":[{\"@type\":\"SearchAction\",\"target\":{\"@type\":\"EntryPoint\",\"urlTemplate\":\"https:\/\/arenacp.com.br\/carlinhos-pinheiro\/?s={search_term_string}\"},\"query-input\":\"required name=search_term_string\"}],\"inLanguage\":\"pt-BR\"},{\"@type\":\"WebPage\",\"@id\":\"https:\/\/arenacp.com.br\/carlinhos-pinheiro\/carreira\/\",\"url\":\"https:\/\/arenacp.com.br\/carlinhos-pinheiro\/carreira\/\",\"name\":\"Carreira - Carlinhos Pinheiro\",\"isPartOf\":{\"@id\":\"https:\/\/arenacp.com.br\/carlinhos-pinheiro\/#website\"},\"datePublished\":\"2018-12-13T17:19:43+00:00\",\"dateModified\":\"2026-02-10T19:51:33+00:00\",\"breadcrumb\":{\"@id\":\"https:\/\/arenacp.com.br\/carlinhos-pinheiro\/carreira\/#breadcrumb\"},\"inLanguage\":\"pt-BR\",\"potentialAction\":[{\"@type\":\"ReadAction\",\"target\":[\"https:\/\/arenacp.com.br\/carlinhos-pinheiro\/carreira\/\"]}]},{\"@type\":\"BreadcrumbList\",\"@id\":\"https:\/\/arenacp.com.br\/carlinhos-pinheiro\/carreira\/#breadcrumb\",\"itemListElement\":[{\"@type\":\"ListItem\",\"position\":1,\"name\":\"In\u00edcio\",\"item\":\"https:\/\/arenacp.com.br\/carlinhos-pinheiro\/\"},{\"@type\":\"ListItem\",\"position\":2,\"name\":\"Carreira\"}]}]}<\/script>\n<!-- \/ Yoast SEO plugin. -->","yoast_head_json":{"title":"Carreira - Carlinhos Pinheiro","robots":{"index":"index","follow":"follow","max-snippet":"max-snippet:-1","max-image-preview":"max-image-preview:large","max-video-preview":"max-video-preview:-1"},"canonical":"https:\/\/arenacp.com.br\/carlinhos-pinheiro\/carreira\/","og_locale":"pt_BR","og_type":"article","og_title":"Carreira - Carlinhos Pinheiro","og_description":"CARREIRA CARREIRA CONSOLIDADA Carlinhos Pinheiro iniciou sua trajet\u00f3ria no rodeio em 1989, atuando como locutor de publicidade. J\u00e1 em 1990, recebeu uma oportunidade decisiva que marcaria sua carreira: convidado pelo consagrado locutor Toni Carreiro, narrou sua primeira festa do pe\u00e3o em Mon\u00e7\u00f5es-SP, no dia 13 de junho de 1989. A partir desse momento, sua voz&hellip;","og_url":"https:\/\/arenacp.com.br\/carlinhos-pinheiro\/carreira\/","og_site_name":"Carlinhos Pinheiro","article_modified_time":"2026-02-10T19:51:33+00:00","og_image":[{"url":"https:\/\/arenacp.com.br\/carlinhos-pinheiro\/wp-content\/uploads\/2026\/02\/FOTOS-CP.jpg"}],"twitter_card":"summary_large_image","twitter_misc":{"Est. tempo de leitura":"2 minutos"},"schema":{"@context":"https:\/\/schema.org","@graph":[{"@type":"WebSite","@id":"https:\/\/arenacp.com.br\/carlinhos-pinheiro\/#website","url":"https:\/\/arenacp.com.br\/carlinhos-pinheiro\/","name":"Carlinhos Pinheiro","description":"","potentialAction":[{"@type":"SearchAction","target":{"@type":"EntryPoint","urlTemplate":"https:\/\/arenacp.com.br\/carlinhos-pinheiro\/?s={search_term_string}"},"query-input":"required name=search_term_string"}],"inLanguage":"pt-BR"},{"@type":"WebPage","@id":"https:\/\/arenacp.com.br\/carlinhos-pinheiro\/carreira\/","url":"https:\/\/arenacp.com.br\/carlinhos-pinheiro\/carreira\/","name":"Carreira - Carlinhos Pinheiro","isPartOf":{"@id":"https:\/\/arenacp.com.br\/carlinhos-pinheiro\/#website"},"datePublished":"2018-12-13T17:19:43+00:00","dateModified":"2026-02-10T19:51:33+00:00","breadcrumb":{"@id":"https:\/\/arenacp.com.br\/carlinhos-pinheiro\/carreira\/#breadcrumb"},"inLanguage":"pt-BR","potentialAction":[{"@type":"ReadAction","target":["https:\/\/arenacp.com.br\/carlinhos-pinheiro\/carreira\/"]}]},{"@type":"BreadcrumbList","@id":"https:\/\/arenacp.com.br\/carlinhos-pinheiro\/carreira\/#breadcrumb","itemListElement":[{"@type":"ListItem","position":1,"name":"In\u00edcio","item":"https:\/\/arenacp.com.br\/carlinhos-pinheiro\/"},{"@type":"ListItem","position":2,"name":"Carreira"}]}]}},"_links":{"self":[{"href":"https:\/\/arenacp.com.br\/carlinhos-pinheiro\/wp-json\/wp\/v2\/pages\/44"}],"collection":[{"href":"https:\/\/arenacp.com.br\/carlinhos-pinheiro\/wp-json\/wp\/v2\/pages"}],"about":[{"href":"https:\/\/arenacp.com.br\/carlinhos-pinheiro\/wp-json\/wp\/v2\/types\/page"}],"author":[{"embeddable":true,"href":"https:\/\/arenacp.com.br\/carlinhos-pinheiro\/wp-json\/wp\/v2\/users\/5"}],"replies":[{"embeddable":true,"href":"https:\/\/arenacp.com.br\/carlinhos-pinheiro\/wp-json\/wp\/v2\/comments?post=44"}],"version-history":[{"count":10,"href":"https:\/\/arenacp.com.br\/carlinhos-pinheiro\/wp-json\/wp\/v2\/pages\/44\/revisions"}],"predecessor-version":[{"id":80851,"href":"https:\/\/arenacp.com.br\/carlinhos-pinheiro\/wp-json\/wp\/v2\/pages\/44\/revisions\/80851"}],"wp:attachment":[{"href":"https:\/\/arenacp.com.br\/carlinhos-pinheiro\/wp-json\/wp\/v2\/media?parent=44"}],"curies":[{"name":"wp","href":"https:\/\/api.w.org\/{rel}","templated":true}]}}