
{"id":21,"date":"2018-12-12T15:56:14","date_gmt":"2018-12-12T17:56:14","guid":{"rendered":"https:\/\/arenacp.com.br\/carlinhos-pinheiro\/?page_id=21"},"modified":"2026-02-10T08:32:35","modified_gmt":"2026-02-10T11:32:35","slug":"inicio","status":"publish","type":"page","link":"https:\/\/arenacp.com.br\/carlinhos-pinheiro\/","title":{"rendered":"In\u00edcio"},"content":{"rendered":"\n\n\t<h1>CARREIRA<\/h1>\n<p>&nbsp;<\/p>\nCarlinhos Pinheiro come\u00e7ou no rodeio em 1989, como locutor de publicidade. Em 1990, atrav\u00e9s de uma oportunidade dada pelo locutor Toni Carreiro, narrou sua primeira festa em Mon\u00e7\u00f5es-SP, no dia 13 de junho de 1990. Desde ent\u00e3o, n\u00e3o parou mais. Carlinhos Pinheiro foi um dos locutores do Rio Preto Rodeio Country Bulls, em 1997 e 1998, narrou tamb\u00e9m as provas cronometradas de Barretos, em 1996,Palestina-SP, Tabapu\u00e3-SP, Guapia\u00e7\u00fa-SP, Tanabi-SP, Neves Paulista-SP, Uch\u00f4a-SP, Ol\u00edmpia-SP, Ibir\u00e1-SP, Bady Bassit-SP, Cedral-SP, tamb\u00e9m foi locutor oficial da Festa do Cavalo de Colina-SP, por dois anos seguidos, foi apresentador dos shows da 39\u00aa Exposi\u00e7\u00e3o Agropecu\u00e1ria de Rio Preto, em 1999&#8230;.<br \/>\n\n\t\t\t<a href=\"https:\/\/arenacp.com.br\/carlinhos-pinheiro\/carreira\/\" target=\"_self\" role=\"button\" rel=\"noopener\">\n\t\t\t\t\t\t\t<b>Saiba Mais<\/b>\n\t\t\t\t\t<\/a>\n<h1>\n\t\tCONHE\u00c7A ALGUMAS EMPRESAS DO GRUPO\n\t<\/h1>\n\t\t\t\t<a href=\"https:\/\/arenacp.com.br\/revista-country-fever\/\" target=\"_blank\" rel=\"noopener\" itemprop=\"url\">\n\t\t\t\t<img loading=\"lazy\" src=\"https:\/\/arenacp.com.br\/carlinhos-pinheiro\/wp-content\/uploads\/2018\/12\/COUNTRY-FEVER-2.png\" alt=\"COUNTRY-FEVER\" itemprop=\"image\" height=\"284\" width=\"217\" title=\"COUNTRY-FEVER\" onerror=\"this.style.display='none'\"  \/>\n\t\t\t\t<\/a>\n\t\t\t\t<a href=\"https:\/\/www.youtube.com\/playlist?list=PLUQEI4yyCka54A8rZrUIe5I9D7VYXbLfQ\" target=\"_blank\" rel=\"noopener\" itemprop=\"url\">\n\t\t\t\t<img loading=\"lazy\" src=\"https:\/\/arenacp.com.br\/carlinhos-pinheiro\/wp-content\/uploads\/2018\/12\/CARLINHOS-PINHEIRO-5.png\" alt=\"CARLINHOS-PINHEIRO\" itemprop=\"image\" height=\"284\" width=\"234\" title=\"CARLINHOS-PINHEIRO\" onerror=\"this.style.display='none'\"  \/>\n\t\t\t\t<\/a>\n\t\t\t\t<a href=\"https:\/\/www.youtube.com\/playlist?list=PLUQEI4yyCka4f9XG70xaDyhrw3YkCk0qR\" target=\"_blank\" rel=\"noopener\" itemprop=\"url\">\n\t\t\t\t<img loading=\"lazy\" src=\"https:\/\/arenacp.com.br\/carlinhos-pinheiro\/wp-content\/uploads\/2018\/12\/ARENA-NEWS-3.png\" alt=\"ARENA-NEWS\" itemprop=\"image\" height=\"284\" width=\"217\" title=\"ARENA-NEWS\" onerror=\"this.style.display='none'\"  \/>\n\t\t\t\t<\/a>\n\t\t\t\t<a href=\"https:\/\/www.youtube.com\/playlist?list=PLUQEI4yyCka76ypg3FeDh1kWFDRQHWj-c\" target=\"_blank\" rel=\"noopener\" itemprop=\"url\">\n\t\t\t\t<img loading=\"lazy\" src=\"https:\/\/arenacp.com.br\/carlinhos-pinheiro\/wp-content\/uploads\/2018\/12\/ARENA-CP-POLTRONA-2.png\" alt=\"ARENA-CP-POLTRONA\" itemprop=\"image\" height=\"284\" width=\"217\" title=\"ARENA-CP-POLTRONA\" onerror=\"this.style.display='none'\"  \/>\n\t\t\t\t<\/a>\n\t\t\t\t<a href=\"https:\/\/www.youtube.com\/playlist?list=PLUQEI4yyCka5T7bSWYfKHTwpKcL3iTdXH\" target=\"_blank\" rel=\"noopener\" itemprop=\"url\">\n\t\t\t\t<img loading=\"lazy\" src=\"https:\/\/arenacp.com.br\/carlinhos-pinheiro\/wp-content\/uploads\/2018\/12\/ARENA-ABERTA-3.png\" alt=\"ARENA-ABERTA\" itemprop=\"image\" height=\"284\" width=\"217\" title=\"ARENA-ABERTA\" onerror=\"this.style.display='none'\"  \/>\n\t\t\t\t<\/a>\n\t\t\t\t<a href=\"https:\/\/www.youtube.com\/playlist?list=PLUQEI4yyCka4Lv-cuZIwqmDRz8uSRxQpX\" target=\"_blank\" rel=\"noopener\" itemprop=\"url\">\n\t\t\t\t<img loading=\"lazy\" src=\"https:\/\/arenacp.com.br\/carlinhos-pinheiro\/wp-content\/uploads\/2018\/12\/DIRETO-AO-PONTO-2.png\" alt=\"DIRETO-AO-PONTO\" itemprop=\"image\" height=\"284\" width=\"217\" title=\"DIRETO-AO-PONTO\" onerror=\"this.style.display='none'\"  \/>\n\t\t\t\t<\/a>\n\t\t\t<a href=\"https:\/\/arenacp.com.br\/\" target=\"_self\" role=\"button\" rel=\"noopener\">\n\t\t\t\t\t\t\tConfira todas em nosso portal\n\t\t\t\t\t<\/a>\n\n","protected":false},"excerpt":{"rendered":"<p>CARREIRA &nbsp; Carlinhos Pinheiro come\u00e7ou no rodeio em 1989, como locutor de publicidade. Em 1990, atrav\u00e9s de uma oportunidade dada pelo locutor Toni Carreiro, narrou sua primeira festa em Mon\u00e7\u00f5es-SP, no dia 13 de junho de 1990. Desde ent\u00e3o, n\u00e3o parou mais. Carlinhos Pinheiro foi um dos locutores do Rio Preto Rodeio Country Bulls, em&hellip;<\/p>\n","protected":false},"author":5,"featured_media":0,"parent":0,"menu_order":6,"comment_status":"closed","ping_status":"closed","template":"","meta":{"_mi_skip_tracking":false},"yoast_head":"<!-- This site is optimized with the Yoast SEO plugin v19.4 - https:\/\/yoast.com\/wordpress\/plugins\/seo\/ -->\n<title>Carlinhos Pinheiro<\/title>\n<meta name=\"description\" content=\"Carlinhos Pinheiro come\u00e7ou no rodeio em 1989, como locutor de publicidade. Em 1990, atrav\u00e9s de uma oportunidade dada pelo locutor Toni Carreiro, narrou sua primeira festa em Mon\u00e7\u00f5es-SP, no dia 13 de junho de 1990.\" \/>\n<meta name=\"robots\" content=\"index, follow, max-snippet:-1, max-image-preview:large, max-video-preview:-1\" \/>\n<link rel=\"canonical\" href=\"https:\/\/arenacp.com.br\/carlinhos-pinheiro\/\" \/>\n<meta property=\"og:locale\" content=\"pt_BR\" \/>\n<meta property=\"og:type\" content=\"article\" \/>\n<meta property=\"og:title\" content=\"Carlinhos Pinheiro\" \/>\n<meta property=\"og:description\" content=\"Carlinhos Pinheiro come\u00e7ou no rodeio em 1989, como locutor de publicidade. Em 1990, atrav\u00e9s de uma oportunidade dada pelo locutor Toni Carreiro, narrou sua primeira festa em Mon\u00e7\u00f5es-SP, no dia 13 de junho de 1990.\" \/>\n<meta property=\"og:url\" content=\"https:\/\/arenacp.com.br\/carlinhos-pinheiro\/\" \/>\n<meta property=\"og:site_name\" content=\"Carlinhos Pinheiro\" \/>\n<meta property=\"article:modified_time\" content=\"2026-02-10T11:32:35+00:00\" \/>\n<meta property=\"og:image\" content=\"https:\/\/arenacp.com.br\/carlinhos-pinheiro\/wp-content\/uploads\/2018\/12\/facebook-arenacp-carlinhospinheiro.jpg\" \/>\n\t<meta property=\"og:image:width\" content=\"1200\" \/>\n\t<meta property=\"og:image:height\" content=\"630\" \/>\n\t<meta property=\"og:image:type\" content=\"image\/jpeg\" \/>\n<meta name=\"twitter:card\" content=\"summary_large_image\" \/>\n<meta name=\"twitter:title\" content=\"Carlinhos Pinheiro\" \/>\n<meta name=\"twitter:description\" content=\"Carlinhos Pinheiro come\u00e7ou no rodeio em 1989, como locutor de publicidade. Em 1990, atrav\u00e9s de uma oportunidade dada pelo locutor Toni Carreiro, narrou sua primeira festa em Mon\u00e7\u00f5es-SP, no dia 13 de junho de 1990.\" \/>\n<meta name=\"twitter:image\" content=\"https:\/\/arenacp.com.br\/carlinhos-pinheiro\/wp-content\/uploads\/2018\/12\/twitter-arenacp-carlinhospinheiro.jpg\" \/>\n<script type=\"application\/ld+json\" class=\"yoast-schema-graph\">{\"@context\":\"https:\/\/schema.org\",\"@graph\":[{\"@type\":\"WebSite\",\"@id\":\"https:\/\/arenacp.com.br\/carlinhos-pinheiro\/#website\",\"url\":\"https:\/\/arenacp.com.br\/carlinhos-pinheiro\/\",\"name\":\"Carlinhos Pinheiro\",\"description\":\"\",\"potentialAction\":[{\"@type\":\"SearchAction\",\"target\":{\"@type\":\"EntryPoint\",\"urlTemplate\":\"https:\/\/arenacp.com.br\/carlinhos-pinheiro\/?s={search_term_string}\"},\"query-input\":\"required name=search_term_string\"}],\"inLanguage\":\"pt-BR\"},{\"@type\":\"WebPage\",\"@id\":\"https:\/\/arenacp.com.br\/carlinhos-pinheiro\/\",\"url\":\"https:\/\/arenacp.com.br\/carlinhos-pinheiro\/\",\"name\":\"Carlinhos Pinheiro\",\"isPartOf\":{\"@id\":\"https:\/\/arenacp.com.br\/carlinhos-pinheiro\/#website\"},\"datePublished\":\"2018-12-12T17:56:14+00:00\",\"dateModified\":\"2026-02-10T11:32:35+00:00\",\"description\":\"Carlinhos Pinheiro come\u00e7ou no rodeio em 1989, como locutor de publicidade. Em 1990, atrav\u00e9s de uma oportunidade dada pelo locutor Toni Carreiro, narrou sua primeira festa em Mon\u00e7\u00f5es-SP, no dia 13 de junho de 1990.\",\"breadcrumb\":{\"@id\":\"https:\/\/arenacp.com.br\/carlinhos-pinheiro\/#breadcrumb\"},\"inLanguage\":\"pt-BR\",\"potentialAction\":[{\"@type\":\"ReadAction\",\"target\":[\"https:\/\/arenacp.com.br\/carlinhos-pinheiro\/\"]}]},{\"@type\":\"BreadcrumbList\",\"@id\":\"https:\/\/arenacp.com.br\/carlinhos-pinheiro\/#breadcrumb\",\"itemListElement\":[{\"@type\":\"ListItem\",\"position\":1,\"name\":\"In\u00edcio\",\"item\":\"https:\/\/arenacp.com.br\/carlinhos-pinheiro\/\"},{\"@type\":\"ListItem\",\"position\":2,\"name\":\"In\u00edcio\"}]}]}<\/script>\n<!-- \/ Yoast SEO plugin. -->","yoast_head_json":{"title":"Carlinhos Pinheiro","description":"Carlinhos Pinheiro come\u00e7ou no rodeio em 1989, como locutor de publicidade. Em 1990, atrav\u00e9s de uma oportunidade dada pelo locutor Toni Carreiro, narrou sua primeira festa em Mon\u00e7\u00f5es-SP, no dia 13 de junho de 1990.","robots":{"index":"index","follow":"follow","max-snippet":"max-snippet:-1","max-image-preview":"max-image-preview:large","max-video-preview":"max-video-preview:-1"},"canonical":"https:\/\/arenacp.com.br\/carlinhos-pinheiro\/","og_locale":"pt_BR","og_type":"article","og_title":"Carlinhos Pinheiro","og_description":"Carlinhos Pinheiro come\u00e7ou no rodeio em 1989, como locutor de publicidade. Em 1990, atrav\u00e9s de uma oportunidade dada pelo locutor Toni Carreiro, narrou sua primeira festa em Mon\u00e7\u00f5es-SP, no dia 13 de junho de 1990.","og_url":"https:\/\/arenacp.com.br\/carlinhos-pinheiro\/","og_site_name":"Carlinhos Pinheiro","article_modified_time":"2026-02-10T11:32:35+00:00","og_image":[{"width":1200,"height":630,"url":"https:\/\/arenacp.com.br\/carlinhos-pinheiro\/wp-content\/uploads\/2018\/12\/facebook-arenacp-carlinhospinheiro.jpg","type":"image\/jpeg"}],"twitter_card":"summary_large_image","twitter_title":"Carlinhos Pinheiro","twitter_description":"Carlinhos Pinheiro come\u00e7ou no rodeio em 1989, como locutor de publicidade. Em 1990, atrav\u00e9s de uma oportunidade dada pelo locutor Toni Carreiro, narrou sua primeira festa em Mon\u00e7\u00f5es-SP, no dia 13 de junho de 1990.","twitter_image":"https:\/\/arenacp.com.br\/carlinhos-pinheiro\/wp-content\/uploads\/2018\/12\/twitter-arenacp-carlinhospinheiro.jpg","schema":{"@context":"https:\/\/schema.org","@graph":[{"@type":"WebSite","@id":"https:\/\/arenacp.com.br\/carlinhos-pinheiro\/#website","url":"https:\/\/arenacp.com.br\/carlinhos-pinheiro\/","name":"Carlinhos Pinheiro","description":"","potentialAction":[{"@type":"SearchAction","target":{"@type":"EntryPoint","urlTemplate":"https:\/\/arenacp.com.br\/carlinhos-pinheiro\/?s={search_term_string}"},"query-input":"required name=search_term_string"}],"inLanguage":"pt-BR"},{"@type":"WebPage","@id":"https:\/\/arenacp.com.br\/carlinhos-pinheiro\/","url":"https:\/\/arenacp.com.br\/carlinhos-pinheiro\/","name":"Carlinhos Pinheiro","isPartOf":{"@id":"https:\/\/arenacp.com.br\/carlinhos-pinheiro\/#website"},"datePublished":"2018-12-12T17:56:14+00:00","dateModified":"2026-02-10T11:32:35+00:00","description":"Carlinhos Pinheiro come\u00e7ou no rodeio em 1989, como locutor de publicidade. Em 1990, atrav\u00e9s de uma oportunidade dada pelo locutor Toni Carreiro, narrou sua primeira festa em Mon\u00e7\u00f5es-SP, no dia 13 de junho de 1990.","breadcrumb":{"@id":"https:\/\/arenacp.com.br\/carlinhos-pinheiro\/#breadcrumb"},"inLanguage":"pt-BR","potentialAction":[{"@type":"ReadAction","target":["https:\/\/arenacp.com.br\/carlinhos-pinheiro\/"]}]},{"@type":"BreadcrumbList","@id":"https:\/\/arenacp.com.br\/carlinhos-pinheiro\/#breadcrumb","itemListElement":[{"@type":"ListItem","position":1,"name":"In\u00edcio","item":"https:\/\/arenacp.com.br\/carlinhos-pinheiro\/"},{"@type":"ListItem","position":2,"name":"In\u00edcio"}]}]}},"_links":{"self":[{"href":"https:\/\/arenacp.com.br\/carlinhos-pinheiro\/wp-json\/wp\/v2\/pages\/21"}],"collection":[{"href":"https:\/\/arenacp.com.br\/carlinhos-pinheiro\/wp-json\/wp\/v2\/pages"}],"about":[{"href":"https:\/\/arenacp.com.br\/carlinhos-pinheiro\/wp-json\/wp\/v2\/types\/page"}],"author":[{"embeddable":true,"href":"https:\/\/arenacp.com.br\/carlinhos-pinheiro\/wp-json\/wp\/v2\/users\/5"}],"replies":[{"embeddable":true,"href":"https:\/\/arenacp.com.br\/carlinhos-pinheiro\/wp-json\/wp\/v2\/comments?post=21"}],"version-history":[{"count":26,"href":"https:\/\/arenacp.com.br\/carlinhos-pinheiro\/wp-json\/wp\/v2\/pages\/21\/revisions"}],"predecessor-version":[{"id":80849,"href":"https:\/\/arenacp.com.br\/carlinhos-pinheiro\/wp-json\/wp\/v2\/pages\/21\/revisions\/80849"}],"wp:attachment":[{"href":"https:\/\/arenacp.com.br\/carlinhos-pinheiro\/wp-json\/wp\/v2\/media?parent=21"}],"curies":[{"name":"wp","href":"https:\/\/api.w.org\/{rel}","templated":true}]}}