
{"id":148,"date":"2019-01-17T15:18:36","date_gmt":"2019-01-17T17:18:36","guid":{"rendered":"https:\/\/arenacp.com.br\/carlinhos-pinheiro\/?page_id=148"},"modified":"2023-06-28T16:16:02","modified_gmt":"2023-06-28T19:16:02","slug":"agenda-anterior","status":"publish","type":"page","link":"https:\/\/arenacp.com.br\/carlinhos-pinheiro\/agenda-anterior\/","title":{"rendered":"Agenda Anterior"},"content":{"rendered":"\n    <link href=\"https:\/\/fonts.googleapis.com\/css?family=Faustina\" rel=\"stylesheet\">\r\n    <div class=\"container-fluid\">\r\n        <div class=\"row\">\r\n            <div class=\"col-md-12 col-sm-12 col-xs-12 text-center\" style=\"padding: 20px; background-color: #181B21;\">\r\n                <h1 style='font-family: Faustina, sans-serif; margin: 0; color: #D8B973; font-weight: bold; font-style: italic;'>AGENDA<\/h1>\r\n            <\/div>\r\n        <\/div>\r\n    <\/div>\r\n    <div class=\"container\" style=\"padding-top: 50px; padding-bottom: 30px;\">\r\n        <div class=\"row\">\r\n            <div class=\"col-md-12 col-sm-12 col-xs-12\" style=\"padding: 0;\">\r\n                <div class=\"col-md-12 col-sm-12 col-xs-12\">\r\n                    <h1 style=\"margin-top: 10px; margin-bottom: 20px;\">Confira a agenda anterior<\/h1>\r\n                <\/div>\r\n                                    <div class=\"col-md-12 col-sm-12 col-xs-12\">\r\n                        <p style=\"color: #403835; font-weight: 900; font-style: italic; font-size: 26px;\">MAR\u00c3\u00a7O\/2026<\/p><p><a href=\"https:\/\/arenacp.com.br\/carlinhos-pinheiro\/agenda\/28-03-aniversario-de-uchoa-sp\/\" style=\"color: #403835; font-weight: 900; font-style: italic; text-decoration: none;\">29\/03\/2026 - 29\/03 &#8211; ANIVERS\u00c1RIO DE UCHOA\/SP<\/a><\/p><p><a href=\"https:\/\/arenacp.com.br\/carlinhos-pinheiro\/agenda\/28-03-aniversario-de-riolandia-sp\/\" style=\"color: #403835; font-weight: 900; font-style: italic; text-decoration: none;\">28\/03\/2026 - 28\/03 &#8211; ANIVERS\u00c1RIO DE RIOL\u00c2NDIA\/SP<\/a><\/p><p><a href=\"https:\/\/arenacp.com.br\/carlinhos-pinheiro\/agenda\/21-03-aniversario-de-orindiuva-sp\/\" style=\"color: #403835; font-weight: 900; font-style: italic; text-decoration: none;\">21\/03\/2026 - 21\/03 &#8211; ANIVERS\u00c1RIO DE ORINDI\u00daVA\/SP<\/a><\/p><p><a href=\"https:\/\/arenacp.com.br\/carlinhos-pinheiro\/agenda\/20-03-aniversario-de-potirendaba-sp\/\" style=\"color: #403835; font-weight: 900; font-style: italic; text-decoration: none;\">20\/03\/2026 - 20\/03 &#8211; ANIVERS\u00c1RIO DE POTIRENDABA\/SP<\/a><\/p><p><a href=\"https:\/\/arenacp.com.br\/carlinhos-pinheiro\/agenda\/26-a-28-rodeio-de-mira-estrela-sp\/\" style=\"color: #403835; font-weight: 900; font-style: italic; text-decoration: none;\">19\/03\/2026 - 19 A 21 &#8211; RODEIO DE MIRA ESTRELA\/SP<\/a><\/p><p><a href=\"https:\/\/arenacp.com.br\/carlinhos-pinheiro\/agenda\/16-03-aniversario-de-cedral-sp\/\" style=\"color: #403835; font-weight: 900; font-style: italic; text-decoration: none;\">16\/03\/2026 - 16\/03 &#8211; ANIVERS\u00c1RIO DE CEDRAL\/SP<\/a><\/p><p><a href=\"https:\/\/arenacp.com.br\/carlinhos-pinheiro\/agenda\/12-a-15-rodeio-de-pirangi-sp\/\" style=\"color: #403835; font-weight: 900; font-style: italic; text-decoration: none;\">12\/03\/2026 - 12 A 15 &#8211; RODEIO DE PIRANGI\/SP<\/a><\/p><p><a href=\"https:\/\/arenacp.com.br\/carlinhos-pinheiro\/agenda\/12-a-15-rodeio-de-zacarias-sp\/\" style=\"color: #403835; font-weight: 900; font-style: italic; text-decoration: none;\">12\/03\/2026 - 12 A 15 &#8211; RODEIO DE ZACARIAS\/SP<\/a><\/p><p><a href=\"https:\/\/arenacp.com.br\/carlinhos-pinheiro\/agenda\/10-03-gravacao-dvd-divino-e-donizete-rio-preto-sp\/\" style=\"color: #403835; font-weight: 900; font-style: italic; text-decoration: none;\">10\/03\/2026 - 10\/03 &#8211; GRAVA\u00c7\u00c3O DVD DIVINO E DONIZETE -RIO PRETO\/SP<\/a><\/p><p><a href=\"https:\/\/arenacp.com.br\/carlinhos-pinheiro\/agenda\/10-03-aniversario-de-monte-aprazivel-sp\/\" style=\"color: #403835; font-weight: 900; font-style: italic; text-decoration: none;\">10\/03\/2026 - 09\/03 &#8211; ANIVERS\u00c1RIO DE MONTE APRAZ\u00cdVEL\/SP<\/a><\/p><p><a href=\"https:\/\/arenacp.com.br\/carlinhos-pinheiro\/agenda\/05-a-07-rodeio-de-paranapua-sp\/\" style=\"color: #403835; font-weight: 900; font-style: italic; text-decoration: none;\">05\/03\/2026 - 05 A 07 &#8211; RODEIO DE PARANAPU\u00c3\/SP<\/a><\/p><p><a href=\"https:\/\/arenacp.com.br\/carlinhos-pinheiro\/agenda\/01-03-abertura-de-pesca-orindiuva-sp\/\" style=\"color: #403835; font-weight: 900; font-style: italic; text-decoration: none;\">01\/03\/2026 - 01\/03 &#8211; ABERTURA DE PESCA &#8211; ORINDI\u00daVA\/SP<\/a><\/p><p style=\"color: #403835; font-weight: 900; font-style: italic; font-size: 26px;\">FEVEREIRO\/2026<\/p><p><a href=\"https:\/\/arenacp.com.br\/carlinhos-pinheiro\/agenda\/28-02-aniversario-de-sebastianopolis-sp\/\" style=\"color: #403835; font-weight: 900; font-style: italic; text-decoration: none;\">28\/02\/2026 - 28\/02 &#8211; ANIVERS\u00c1RIO DE SEBASTIAN\u00d3POLIS\/SP<\/a><\/p><p><a href=\"https:\/\/arenacp.com.br\/carlinhos-pinheiro\/agenda\/16-02-guaraxe-em-guaraci-sp\/\" style=\"color: #403835; font-weight: 900; font-style: italic; text-decoration: none;\">16\/02\/2026 - 16\/02 &#8211; GUARAX\u00c9 &#8211; EM GUARACI\/SP<\/a><\/p><p><a href=\"https:\/\/arenacp.com.br\/carlinhos-pinheiro\/agenda\/15-02-carnavirou-sao-jose-do-rio-preto-sp\/\" style=\"color: #403835; font-weight: 900; font-style: italic; text-decoration: none;\">15\/02\/2026 - 15\/02 &#8211; CARNAVIROU &#8211; S\u00c3O JOS\u00c9 DO RIO PRETO\/SP<\/a><\/p><p><a href=\"https:\/\/arenacp.com.br\/carlinhos-pinheiro\/agenda\/14-02-estrela-folia-clube-de-estrela-doeste\/\" style=\"color: #403835; font-weight: 900; font-style: italic; text-decoration: none;\">14\/02\/2026 - 14\/02 &#8211; ESTRELA FOLIA &#8211; CLUBE DE ESTRELA D&#8217;OESTE<\/a><\/p><p style=\"color: #403835; font-weight: 900; font-style: italic; font-size: 26px;\">DEZEMBRO\/2025<\/p><p><a href=\"https:\/\/arenacp.com.br\/carlinhos-pinheiro\/agenda\/26-12-esquenta-reveillon-de-sao-joao-das-suas-pontes-sp\/\" style=\"color: #403835; font-weight: 900; font-style: italic; text-decoration: none;\">26\/12\/2025 - 26\/12 &#8211; ESQUENTA REVEILLON DE S\u00c3O JO\u00c3O DAS SUAS PONTES\/SP<\/a><\/p><p><a href=\"https:\/\/arenacp.com.br\/carlinhos-pinheiro\/agenda\/21-12-lancamento-da-expo-fernandopolis\/\" style=\"color: #403835; font-weight: 900; font-style: italic; text-decoration: none;\">21\/12\/2025 - 21\/12 &#8211; LAN\u00c7AMENTO DA EXPO FERNAND\u00d3POLIS<\/a><\/p><p><a href=\"https:\/\/arenacp.com.br\/carlinhos-pinheiro\/agenda\/12-12-natal-iluminado-de-aguas-de-sao-pedro-sp\/\" style=\"color: #403835; font-weight: 900; font-style: italic; text-decoration: none;\">20\/12\/2025 - 20 A 21\/12 &#8211; NATAL ILUMINADO DE AGUAS DE S\u00c3O PEDRO\/SP<\/a><\/p><p><a href=\"https:\/\/arenacp.com.br\/carlinhos-pinheiro\/agenda\/12-a-14-12-55o-festa-do-peao-de-balsamo-sp\/\" style=\"color: #403835; font-weight: 900; font-style: italic; text-decoration: none;\">13\/12\/2025 - 12 A 14\/12 &#8211; 55\u00ba Festa do Pe\u00e3o de B\u00e1lsamo\/SP<\/a><\/p><p><a href=\"https:\/\/arenacp.com.br\/carlinhos-pinheiro\/agenda\/12-12-aniversario-do-municipio-de-ibira-sp\/\" style=\"color: #403835; font-weight: 900; font-style: italic; text-decoration: none;\">12\/12\/2025 - 12\/12 &#8211; ANIVERS\u00c1RIO DO MUNICIPIO DE IBIR\u00c1\/SP<\/a><\/p><p><a href=\"https:\/\/arenacp.com.br\/carlinhos-pinheiro\/agenda\/07-12-festa-das-nacoes-de-mendonca-sp\/\" style=\"color: #403835; font-weight: 900; font-style: italic; text-decoration: none;\">07\/12\/2025 - 07\/12 &#8211; FESTA DAS NA\u00c7\u00d5ES DE MENDON\u00c7A\/SP<\/a><\/p><p><a href=\"https:\/\/arenacp.com.br\/carlinhos-pinheiro\/agenda\/05-12-aniversario-de-98-anos-de-presidente-alves-sp\/\" style=\"color: #403835; font-weight: 900; font-style: italic; text-decoration: none;\">05\/12\/2025 - 05\/12 &#8211; ANIVERS\u00c1RIO DE 98 ANOS DE PRESIDENTE ALVES\/SP<\/a><\/p><p><a href=\"https:\/\/arenacp.com.br\/carlinhos-pinheiro\/agenda\/2o-inova-catanduva-sp\/\" style=\"color: #403835; font-weight: 900; font-style: italic; text-decoration: none;\">04\/12\/2025 - 04\/12 &#8211; 2\u00ba INOVA CATANDUVA\/SP<\/a><\/p><p style=\"color: #403835; font-weight: 900; font-style: italic; font-size: 26px;\">NOVEMBRO\/2025<\/p><p><a href=\"https:\/\/arenacp.com.br\/carlinhos-pinheiro\/agenda\/29-11-natal-iluminado-de-santa-fe-do-sul-sp\/\" style=\"color: #403835; font-weight: 900; font-style: italic; text-decoration: none;\">29\/11\/2025 - 29\/11 &#8211; Natal Iluminado de Santa F\u00e9 do Sul\/SP<\/a><\/p><p><a href=\"https:\/\/arenacp.com.br\/carlinhos-pinheiro\/agenda\/28-11-natal-iluminado-de-cedral-sp\/\" style=\"color: #403835; font-weight: 900; font-style: italic; text-decoration: none;\">28\/11\/2025 - 28\/11 &#8211; Natal Iluminado de Cedral\/SP<\/a><\/p><p><a href=\"https:\/\/arenacp.com.br\/carlinhos-pinheiro\/agenda\/20-a-23-43o-festa-do-peao-de-bastos\/\" style=\"color: #403835; font-weight: 900; font-style: italic; text-decoration: none;\">22\/11\/2025 - 20 a 23 &#8211; 43\u00ba Festa do Pe\u00e3o de Bastos<\/a><\/p><p><a href=\"https:\/\/arenacp.com.br\/carlinhos-pinheiro\/agenda\/21-11-natal-iluminado-de-uchoa-sp\/\" style=\"color: #403835; font-weight: 900; font-style: italic; text-decoration: none;\">21\/11\/2025 - 21\/11 &#8211; Natal iluminado de Uchoa\/SP<\/a><\/p><p><a href=\"https:\/\/arenacp.com.br\/carlinhos-pinheiro\/agenda\/20-a-22-poloni-rodeio-show\/\" style=\"color: #403835; font-weight: 900; font-style: italic; text-decoration: none;\">20\/11\/2025 - 20 a 22 &#8211;  Poloni Rodeio Show<\/a><\/p><p><a href=\"https:\/\/arenacp.com.br\/carlinhos-pinheiro\/agenda\/06-a-08-31o-festa-do-peao-auriflama\/\" style=\"color: #403835; font-weight: 900; font-style: italic; text-decoration: none;\">08\/11\/2025 - 06 a 08 &#8211; 31\u00ba Festa do Pe\u00e3o Auriflama<\/a><\/p><p style=\"color: #403835; font-weight: 900; font-style: italic; font-size: 26px;\">OUTUBRO\/2025<\/p><p><a href=\"https:\/\/arenacp.com.br\/carlinhos-pinheiro\/agenda\/23-a-25-1o-penapolis-rodeio-show\/\" style=\"color: #403835; font-weight: 900; font-style: italic; text-decoration: none;\">23\/10\/2025 - 23 A 25 &#8211; 1\u00ba PENAPOLIS RODEIO SHOW<\/a><\/p><p><a href=\"https:\/\/arenacp.com.br\/carlinhos-pinheiro\/agenda\/16-a-18-26o-festa-do-peao-de-ouroeste-sp\/\" style=\"color: #403835; font-weight: 900; font-style: italic; text-decoration: none;\">17\/10\/2025 - 16 A 18 &#8211; 26\u00ba FESTA DO PE\u00c3O DE OUROESTE\/SP<\/a><\/p><p><a href=\"https:\/\/arenacp.com.br\/carlinhos-pinheiro\/agenda\/16-a-18-festa-do-peao-de-urupes-sp\/\" style=\"color: #403835; font-weight: 900; font-style: italic; text-decoration: none;\">16\/10\/2025 - 16 A 18 &#8211; FESTA DO PE\u00c3O DE URUP\u00caS\/SP<\/a><\/p><p><a href=\"https:\/\/arenacp.com.br\/carlinhos-pinheiro\/agenda\/8-a-12-rodeio-de-novo-horizonte-sp\/\" style=\"color: #403835; font-weight: 900; font-style: italic; text-decoration: none;\">08\/10\/2025 - 8 A 12 &#8211; RODEIO DE NOVO HORIZONTE\/SP<\/a><\/p><p><a href=\"https:\/\/arenacp.com.br\/carlinhos-pinheiro\/agenda\/02-a-04-festa-do-peao-de-pedranopolis-sp\/\" style=\"color: #403835; font-weight: 900; font-style: italic; text-decoration: none;\">02\/10\/2025 - 02 A 04 &#8211; FESTA DO PE\u00c3O DE PEDRAN\u00d3POLIS\/SP<\/a><\/p><p style=\"color: #403835; font-weight: 900; font-style: italic; font-size: 26px;\">SETEMBRO\/2025<\/p><p><a href=\"https:\/\/arenacp.com.br\/carlinhos-pinheiro\/agenda\/14-09-a-04-10-62o-expo-rio-preto\/\" style=\"color: #403835; font-weight: 900; font-style: italic; text-decoration: none;\">30\/09\/2025 - 14\/09 A 04\/10 &#8211; 62\u00ba EXPO RIO PRETO<\/a><\/p><p><a href=\"https:\/\/arenacp.com.br\/carlinhos-pinheiro\/agenda\/25-a-27-festa-do-peao-de-palmares-paulista-sp\/\" style=\"color: #403835; font-weight: 900; font-style: italic; text-decoration: none;\">27\/09\/2025 - 25 A 27 &#8211; FESTA DO PE\u00c3O DE PALMARES PAULISTA\/SP<\/a><\/p><p><a href=\"https:\/\/arenacp.com.br\/carlinhos-pinheiro\/agenda\/18-a-28-semana-sindi\/\" style=\"color: #403835; font-weight: 900; font-style: italic; text-decoration: none;\">27\/09\/2025 - 18 A 28 &#8211; SEMANA SINDI<\/a><\/p><p><a href=\"https:\/\/arenacp.com.br\/carlinhos-pinheiro\/agenda\/25-a-27-matao-rodeo-music\/\" style=\"color: #403835; font-weight: 900; font-style: italic; text-decoration: none;\">26\/09\/2025 - 25 A 27 &#8211; MAT\u00c3O RODEIO MUSIC<\/a><\/p><p><a href=\"https:\/\/arenacp.com.br\/carlinhos-pinheiro\/agenda\/26-a-27-15o-leilao-in-family-quarter-horse\/\" style=\"color: #403835; font-weight: 900; font-style: italic; text-decoration: none;\">26\/09\/2025 - 26 A 27 &#8211; 15\u00ba LEIL\u00c3O IN FAMILY QUARTER HORSE<\/a><\/p><p><a href=\"https:\/\/arenacp.com.br\/carlinhos-pinheiro\/agenda\/18-a-20-50o-festa-do-peao-de-borborema-sp\/\" style=\"color: #403835; font-weight: 900; font-style: italic; text-decoration: none;\">19\/09\/2025 - 18 A 20 &#8211; 50\u00ba FESTA DO PE\u00c3O DE BORBOREMA\/SP<\/a><\/p><p><a href=\"https:\/\/arenacp.com.br\/carlinhos-pinheiro\/agenda\/19-a-27-expo-aracatuba-sp\/\" style=\"color: #403835; font-weight: 900; font-style: italic; text-decoration: none;\">19\/09\/2025 - 19 A 27 &#8211; EXPO ARA\u00c7ATUBA\/SP<\/a><\/p><p><a href=\"https:\/\/arenacp.com.br\/carlinhos-pinheiro\/agenda\/18-a-20-festa-do-peao-de-ipigua-sp\/\" style=\"color: #403835; font-weight: 900; font-style: italic; text-decoration: none;\">18\/09\/2025 - 18 A 20 &#8211; FESTA DO PE\u00c3O DE IPIGU\u00c1\/SP<\/a><\/p><p><a href=\"https:\/\/arenacp.com.br\/carlinhos-pinheiro\/agenda\/11-a-14-festa-do-peao-de-santa-adelia-sp\/\" style=\"color: #403835; font-weight: 900; font-style: italic; text-decoration: none;\">11\/09\/2025 - 11 A 14 &#8211; FESTA DO PE\u00c3O DE SANTA AD\u00c9LIA\/SP<\/a><\/p><p><a href=\"https:\/\/arenacp.com.br\/carlinhos-pinheiro\/agenda\/10-a-13-festa-do-peao-de-pirajuba-sp\/\" style=\"color: #403835; font-weight: 900; font-style: italic; text-decoration: none;\">10\/09\/2025 - 10 A 13 &#8211; FESTA DO PE\u00c3O DE PIRAJUBA\/MG<\/a><\/p><p><a href=\"https:\/\/arenacp.com.br\/carlinhos-pinheiro\/agenda\/04-a-06-35o-festa-do-peao-de-sales-sp\/\" style=\"color: #403835; font-weight: 900; font-style: italic; text-decoration: none;\">06\/09\/2025 - 04 A 06 &#8211; 35\u00ba FESTA DO PE\u00c3O DE SALES\/SP<\/a><\/p><p><a href=\"https:\/\/arenacp.com.br\/carlinhos-pinheiro\/agenda\/04-a-06-56o-festa-do-peao-de-guapiacu-sp\/\" style=\"color: #403835; font-weight: 900; font-style: italic; text-decoration: none;\">05\/09\/2025 - 04 A 06 &#8211; 56\u00ba FESTA DO PE\u00c3O DE GUAPIA\u00c7U\/SP<\/a><\/p><p><a href=\"https:\/\/arenacp.com.br\/carlinhos-pinheiro\/agenda\/04-a-06-macaubal-rodeio-show\/\" style=\"color: #403835; font-weight: 900; font-style: italic; text-decoration: none;\">04\/09\/2025 - 04 A 06 &#8211; MACAUBAL RODEIO SHOW<\/a><\/p><p style=\"color: #403835; font-weight: 900; font-style: italic; font-size: 26px;\">AGOSTO\/2025<\/p><p><a href=\"https:\/\/arenacp.com.br\/carlinhos-pinheiro\/agenda\/21-a-31-festa-do-peao-de-barretos-sp-%ef%bf%bc%ef%bf%bc\/\" style=\"color: #403835; font-weight: 900; font-style: italic; text-decoration: none;\">21\/08\/2025 - 21 A 31 &#8211; FESTA DO PE\u00c3O DE BARRETOS\/SP\ufffc<\/a><\/p><p><a href=\"https:\/\/arenacp.com.br\/carlinhos-pinheiro\/agenda\/14-a-17-08-46a-festa-do-peao-de-orindiuva-sp\/\" style=\"color: #403835; font-weight: 900; font-style: italic; text-decoration: none;\">16\/08\/2025 - 14 A 17\/08 &#8211; 46\u00aa FESTA DO PE\u00c3O DE ORINDI\u00daVA-SP<\/a><\/p><\/div>                <div class=\"col-md-12 col-sm-12 col-xs-12 text-center\" style=\"padding-top: 20px;\"><ul class=\"pagination\"><li><span aria-current=\"page\" class=\"page-numbers current\">1<\/span><\/li><li><a class=\"page-numbers\" href=\"https:\/\/arenacp.com.br\/carlinhos-pinheiro\/wp-json\/wp\/v2\/pages\/148\/page\/2\/\">2<\/a><\/li><li><a class=\"next page-numbers\" href=\"https:\/\/arenacp.com.br\/carlinhos-pinheiro\/wp-json\/wp\/v2\/pages\/148\/page\/2\/\">&raquo;<\/a><\/li><\/ul><\/div>\r\n            <\/div>\r\n        <\/div>\r\n    <\/div>\r\n    \n","protected":false},"excerpt":{"rendered":"","protected":false},"author":5,"featured_media":0,"parent":0,"menu_order":2,"comment_status":"closed","ping_status":"closed","template":"","meta":{"_mi_skip_tracking":false},"yoast_head":"<!-- This site is optimized with the Yoast SEO plugin v19.4 - https:\/\/yoast.com\/wordpress\/plugins\/seo\/ -->\n<title>Agenda Anterior - Carlinhos Pinheiro<\/title>\n<meta name=\"robots\" content=\"index, follow, max-snippet:-1, max-image-preview:large, max-video-preview:-1\" \/>\n<link rel=\"canonical\" href=\"https:\/\/arenacp.com.br\/carlinhos-pinheiro\/agenda-anterior\/\" \/>\n<meta property=\"og:locale\" content=\"pt_BR\" \/>\n<meta property=\"og:type\" content=\"article\" \/>\n<meta property=\"og:title\" content=\"Agenda Anterior - Carlinhos Pinheiro\" \/>\n<meta property=\"og:url\" content=\"https:\/\/arenacp.com.br\/carlinhos-pinheiro\/agenda-anterior\/\" \/>\n<meta property=\"og:site_name\" content=\"Carlinhos Pinheiro\" \/>\n<meta property=\"article:modified_time\" content=\"2023-06-28T19:16:02+00:00\" \/>\n<meta name=\"twitter:card\" content=\"summary_large_image\" \/>\n<meta name=\"twitter:label1\" content=\"Est. tempo de leitura\" \/>\n\t<meta name=\"twitter:data1\" content=\"1 minuto\" \/>\n<script type=\"application\/ld+json\" class=\"yoast-schema-graph\">{\"@context\":\"https:\/\/schema.org\",\"@graph\":[{\"@type\":\"WebSite\",\"@id\":\"https:\/\/arenacp.com.br\/carlinhos-pinheiro\/#website\",\"url\":\"https:\/\/arenacp.com.br\/carlinhos-pinheiro\/\",\"name\":\"Carlinhos Pinheiro\",\"description\":\"\",\"potentialAction\":[{\"@type\":\"SearchAction\",\"target\":{\"@type\":\"EntryPoint\",\"urlTemplate\":\"https:\/\/arenacp.com.br\/carlinhos-pinheiro\/?s={search_term_string}\"},\"query-input\":\"required name=search_term_string\"}],\"inLanguage\":\"pt-BR\"},{\"@type\":\"WebPage\",\"@id\":\"https:\/\/arenacp.com.br\/carlinhos-pinheiro\/agenda-anterior\/\",\"url\":\"https:\/\/arenacp.com.br\/carlinhos-pinheiro\/agenda-anterior\/\",\"name\":\"Agenda Anterior - Carlinhos Pinheiro\",\"isPartOf\":{\"@id\":\"https:\/\/arenacp.com.br\/carlinhos-pinheiro\/#website\"},\"datePublished\":\"2019-01-17T17:18:36+00:00\",\"dateModified\":\"2023-06-28T19:16:02+00:00\",\"breadcrumb\":{\"@id\":\"https:\/\/arenacp.com.br\/carlinhos-pinheiro\/agenda-anterior\/#breadcrumb\"},\"inLanguage\":\"pt-BR\",\"potentialAction\":[{\"@type\":\"ReadAction\",\"target\":[\"https:\/\/arenacp.com.br\/carlinhos-pinheiro\/agenda-anterior\/\"]}]},{\"@type\":\"BreadcrumbList\",\"@id\":\"https:\/\/arenacp.com.br\/carlinhos-pinheiro\/agenda-anterior\/#breadcrumb\",\"itemListElement\":[{\"@type\":\"ListItem\",\"position\":1,\"name\":\"In\u00edcio\",\"item\":\"https:\/\/arenacp.com.br\/carlinhos-pinheiro\/\"},{\"@type\":\"ListItem\",\"position\":2,\"name\":\"Agenda Anterior\"}]}]}<\/script>\n<!-- \/ Yoast SEO plugin. -->","yoast_head_json":{"title":"Agenda Anterior - Carlinhos Pinheiro","robots":{"index":"index","follow":"follow","max-snippet":"max-snippet:-1","max-image-preview":"max-image-preview:large","max-video-preview":"max-video-preview:-1"},"canonical":"https:\/\/arenacp.com.br\/carlinhos-pinheiro\/agenda-anterior\/","og_locale":"pt_BR","og_type":"article","og_title":"Agenda Anterior - Carlinhos Pinheiro","og_url":"https:\/\/arenacp.com.br\/carlinhos-pinheiro\/agenda-anterior\/","og_site_name":"Carlinhos Pinheiro","article_modified_time":"2023-06-28T19:16:02+00:00","twitter_card":"summary_large_image","twitter_misc":{"Est. tempo de leitura":"1 minuto"},"schema":{"@context":"https:\/\/schema.org","@graph":[{"@type":"WebSite","@id":"https:\/\/arenacp.com.br\/carlinhos-pinheiro\/#website","url":"https:\/\/arenacp.com.br\/carlinhos-pinheiro\/","name":"Carlinhos Pinheiro","description":"","potentialAction":[{"@type":"SearchAction","target":{"@type":"EntryPoint","urlTemplate":"https:\/\/arenacp.com.br\/carlinhos-pinheiro\/?s={search_term_string}"},"query-input":"required name=search_term_string"}],"inLanguage":"pt-BR"},{"@type":"WebPage","@id":"https:\/\/arenacp.com.br\/carlinhos-pinheiro\/agenda-anterior\/","url":"https:\/\/arenacp.com.br\/carlinhos-pinheiro\/agenda-anterior\/","name":"Agenda Anterior - Carlinhos Pinheiro","isPartOf":{"@id":"https:\/\/arenacp.com.br\/carlinhos-pinheiro\/#website"},"datePublished":"2019-01-17T17:18:36+00:00","dateModified":"2023-06-28T19:16:02+00:00","breadcrumb":{"@id":"https:\/\/arenacp.com.br\/carlinhos-pinheiro\/agenda-anterior\/#breadcrumb"},"inLanguage":"pt-BR","potentialAction":[{"@type":"ReadAction","target":["https:\/\/arenacp.com.br\/carlinhos-pinheiro\/agenda-anterior\/"]}]},{"@type":"BreadcrumbList","@id":"https:\/\/arenacp.com.br\/carlinhos-pinheiro\/agenda-anterior\/#breadcrumb","itemListElement":[{"@type":"ListItem","position":1,"name":"In\u00edcio","item":"https:\/\/arenacp.com.br\/carlinhos-pinheiro\/"},{"@type":"ListItem","position":2,"name":"Agenda Anterior"}]}]}},"_links":{"self":[{"href":"https:\/\/arenacp.com.br\/carlinhos-pinheiro\/wp-json\/wp\/v2\/pages\/148"}],"collection":[{"href":"https:\/\/arenacp.com.br\/carlinhos-pinheiro\/wp-json\/wp\/v2\/pages"}],"about":[{"href":"https:\/\/arenacp.com.br\/carlinhos-pinheiro\/wp-json\/wp\/v2\/types\/page"}],"author":[{"embeddable":true,"href":"https:\/\/arenacp.com.br\/carlinhos-pinheiro\/wp-json\/wp\/v2\/users\/5"}],"replies":[{"embeddable":true,"href":"https:\/\/arenacp.com.br\/carlinhos-pinheiro\/wp-json\/wp\/v2\/comments?post=148"}],"version-history":[{"count":4,"href":"https:\/\/arenacp.com.br\/carlinhos-pinheiro\/wp-json\/wp\/v2\/pages\/148\/revisions"}],"predecessor-version":[{"id":66948,"href":"https:\/\/arenacp.com.br\/carlinhos-pinheiro\/wp-json\/wp\/v2\/pages\/148\/revisions\/66948"}],"wp:attachment":[{"href":"https:\/\/arenacp.com.br\/carlinhos-pinheiro\/wp-json\/wp\/v2\/media?parent=148"}],"curies":[{"name":"wp","href":"https:\/\/api.w.org\/{rel}","templated":true}]}}