
{"id":30,"date":"2018-12-21T15:47:20","date_gmt":"2018-12-21T17:47:20","guid":{"rendered":"https:\/\/arenacp.com.br\/arena-news-tv\/?page_id=30"},"modified":"2026-02-09T16:28:30","modified_gmt":"2026-02-09T19:28:30","slug":"inicio","status":"publish","type":"page","link":"https:\/\/arenacp.com.br\/arena-news-tv\/","title":{"rendered":"In\u00edcio"},"content":{"rendered":"<h1>\n\t\t<i>PROGRAMA ARENA NEWS<\/i>\n\t<\/h1>\n\tArena News com <strong>Carlinhos Pinheiro<\/strong> \u00e9 o seu ponto de encontro com as not\u00edcias que realmente importam! Todas as<br \/>\n<strong> ter\u00e7as-feiras, \u00e0s 16h<\/strong>, com informa\u00e7\u00f5es de qualidade, entrevistas exclusivas e os principais destaques<br \/>\nda semana para voc\u00ea come\u00e7ar a tarde bem informado.\n<p>Voc\u00ea confere ao vivo na<strong> TV Morada, na TV Rio Preto<\/strong> e tamb\u00e9m pelo <strong>YouTube<\/strong>, com bate-papo din\u00e2mico, an\u00e1lises precisas e participa\u00e7\u00e3o do p\u00fablico. N\u00e3o perca \u2014 o Arena News \u00e9 a sua janela para o que est\u00e1 acontecendo hoje no Brasil e no mundo!<\/p>\n\t\t\t<a href=\"https:\/\/arenacp.com.br\/arena-news-tv\/sobre\/\" target=\"_self\" role=\"button\" rel=\"noopener\">\n\t\t\t\t\t\t\tSaiba Mais\n\t\t\t\t\t<\/a>\n","protected":false},"excerpt":{"rendered":"<p>PROGRAMA ARENA NEWS Arena News com Carlinhos Pinheiro \u00e9 o seu ponto de encontro com as not\u00edcias que realmente importam! Todas as ter\u00e7as-feiras, \u00e0s 16h, com informa\u00e7\u00f5es de qualidade, entrevistas exclusivas e os principais destaques da semana para voc\u00ea come\u00e7ar a tarde bem informado. Voc\u00ea confere ao vivo na TV Morada, na TV Rio Preto&hellip;<\/p>\n","protected":false},"author":1,"featured_media":0,"parent":0,"menu_order":3,"comment_status":"closed","ping_status":"closed","template":"","meta":{"_mi_skip_tracking":false},"yoast_head":"<!-- This site is optimized with the Yoast SEO plugin v19.4 - https:\/\/yoast.com\/wordpress\/plugins\/seo\/ -->\n<title>Programa Arena News TV<\/title>\n<meta name=\"description\" content=\"Arena News TV - Informa\u00e7\u00f5es do mundo do rodeio, competi\u00e7\u00f5es de touro, cutiano, tr\u00eas tambores, todos as festas, rodeios e eventos da regi\u00e3o, muita informa\u00e7\u00e3o com pol\u00edticos, empres\u00e1rios e pessoas de hist\u00f3ria, trazendo muito entretenimento e experiencia.\" \/>\n<meta name=\"robots\" content=\"index, follow, max-snippet:-1, max-image-preview:large, max-video-preview:-1\" \/>\n<link rel=\"canonical\" href=\"https:\/\/arenacp.com.br\/arena-news-tv\/\" \/>\n<meta property=\"og:locale\" content=\"pt_BR\" \/>\n<meta property=\"og:type\" content=\"article\" \/>\n<meta property=\"og:title\" content=\"Arena News TV\" \/>\n<meta property=\"og:description\" content=\"Arena News TV - Informa\u00e7\u00f5es do mundo do rodeio, competi\u00e7\u00f5es de touro, cutiano, tr\u00eas tambores, todos as festas, rodeios e eventos da regi\u00e3o, muita informa\u00e7\u00e3o com pol\u00edticos, empres\u00e1rios e pessoas de hist\u00f3ria, trazendo muito entretenimento e experiencia.\" \/>\n<meta property=\"og:url\" content=\"https:\/\/arenacp.com.br\/arena-news-tv\/\" \/>\n<meta property=\"og:site_name\" content=\"Programa Arena News TV\" \/>\n<meta property=\"article:modified_time\" content=\"2026-02-09T19:28:30+00:00\" \/>\n<meta property=\"og:image\" content=\"https:\/\/arenacp.com.br\/arena-news-tv\/wp-content\/uploads\/2018\/12\/facebook-arenacp-arenanews.jpg\" \/>\n\t<meta property=\"og:image:width\" content=\"1200\" \/>\n\t<meta property=\"og:image:height\" content=\"630\" \/>\n\t<meta property=\"og:image:type\" content=\"image\/jpeg\" \/>\n<meta name=\"twitter:card\" content=\"summary_large_image\" \/>\n<meta name=\"twitter:title\" content=\"Arena News TV\" \/>\n<meta name=\"twitter:description\" content=\"Arena News TV - Informa\u00e7\u00f5es do mundo do rodeio, competi\u00e7\u00f5es de touro, cutiano, tr\u00eas tambores, todos as festas, rodeios e eventos da regi\u00e3o, muita informa\u00e7\u00e3o com pol\u00edticos, empres\u00e1rios e pessoas de hist\u00f3ria, trazendo muito entretenimento e experiencia.\" \/>\n<meta name=\"twitter:image\" content=\"https:\/\/arenacp.com.br\/arena-news-tv\/wp-content\/uploads\/2018\/12\/twitter-arenacp-arenanews.jpg\" \/>\n<script type=\"application\/ld+json\" class=\"yoast-schema-graph\">{\"@context\":\"https:\/\/schema.org\",\"@graph\":[{\"@type\":\"WebSite\",\"@id\":\"https:\/\/arenacp.com.br\/arena-news-tv\/#website\",\"url\":\"https:\/\/arenacp.com.br\/arena-news-tv\/\",\"name\":\"Programa Arena News TV\",\"description\":\"\",\"potentialAction\":[{\"@type\":\"SearchAction\",\"target\":{\"@type\":\"EntryPoint\",\"urlTemplate\":\"https:\/\/arenacp.com.br\/arena-news-tv\/?s={search_term_string}\"},\"query-input\":\"required name=search_term_string\"}],\"inLanguage\":\"pt-BR\"},{\"@type\":\"WebPage\",\"@id\":\"https:\/\/arenacp.com.br\/arena-news-tv\/\",\"url\":\"https:\/\/arenacp.com.br\/arena-news-tv\/\",\"name\":\"Programa Arena News TV\",\"isPartOf\":{\"@id\":\"https:\/\/arenacp.com.br\/arena-news-tv\/#website\"},\"datePublished\":\"2018-12-21T17:47:20+00:00\",\"dateModified\":\"2026-02-09T19:28:30+00:00\",\"description\":\"Arena News TV - Informa\u00e7\u00f5es do mundo do rodeio, competi\u00e7\u00f5es de touro, cutiano, tr\u00eas tambores, todos as festas, rodeios e eventos da regi\u00e3o, muita informa\u00e7\u00e3o com pol\u00edticos, empres\u00e1rios e pessoas de hist\u00f3ria, trazendo muito entretenimento e experiencia.\",\"breadcrumb\":{\"@id\":\"https:\/\/arenacp.com.br\/arena-news-tv\/#breadcrumb\"},\"inLanguage\":\"pt-BR\",\"potentialAction\":[{\"@type\":\"ReadAction\",\"target\":[\"https:\/\/arenacp.com.br\/arena-news-tv\/\"]}]},{\"@type\":\"BreadcrumbList\",\"@id\":\"https:\/\/arenacp.com.br\/arena-news-tv\/#breadcrumb\",\"itemListElement\":[{\"@type\":\"ListItem\",\"position\":1,\"name\":\"Home\",\"item\":\"https:\/\/arenacp.com.br\/arena-news-tv\/\"},{\"@type\":\"ListItem\",\"position\":2,\"name\":\"In\u00edcio\"}]}]}<\/script>\n<!-- \/ Yoast SEO plugin. -->","yoast_head_json":{"title":"Programa Arena News TV","description":"Arena News TV - Informa\u00e7\u00f5es do mundo do rodeio, competi\u00e7\u00f5es de touro, cutiano, tr\u00eas tambores, todos as festas, rodeios e eventos da regi\u00e3o, muita informa\u00e7\u00e3o com pol\u00edticos, empres\u00e1rios e pessoas de hist\u00f3ria, trazendo muito entretenimento e experiencia.","robots":{"index":"index","follow":"follow","max-snippet":"max-snippet:-1","max-image-preview":"max-image-preview:large","max-video-preview":"max-video-preview:-1"},"canonical":"https:\/\/arenacp.com.br\/arena-news-tv\/","og_locale":"pt_BR","og_type":"article","og_title":"Arena News TV","og_description":"Arena News TV - Informa\u00e7\u00f5es do mundo do rodeio, competi\u00e7\u00f5es de touro, cutiano, tr\u00eas tambores, todos as festas, rodeios e eventos da regi\u00e3o, muita informa\u00e7\u00e3o com pol\u00edticos, empres\u00e1rios e pessoas de hist\u00f3ria, trazendo muito entretenimento e experiencia.","og_url":"https:\/\/arenacp.com.br\/arena-news-tv\/","og_site_name":"Programa Arena News TV","article_modified_time":"2026-02-09T19:28:30+00:00","og_image":[{"width":1200,"height":630,"url":"https:\/\/arenacp.com.br\/arena-news-tv\/wp-content\/uploads\/2018\/12\/facebook-arenacp-arenanews.jpg","type":"image\/jpeg"}],"twitter_card":"summary_large_image","twitter_title":"Arena News TV","twitter_description":"Arena News TV - Informa\u00e7\u00f5es do mundo do rodeio, competi\u00e7\u00f5es de touro, cutiano, tr\u00eas tambores, todos as festas, rodeios e eventos da regi\u00e3o, muita informa\u00e7\u00e3o com pol\u00edticos, empres\u00e1rios e pessoas de hist\u00f3ria, trazendo muito entretenimento e experiencia.","twitter_image":"https:\/\/arenacp.com.br\/arena-news-tv\/wp-content\/uploads\/2018\/12\/twitter-arenacp-arenanews.jpg","schema":{"@context":"https:\/\/schema.org","@graph":[{"@type":"WebSite","@id":"https:\/\/arenacp.com.br\/arena-news-tv\/#website","url":"https:\/\/arenacp.com.br\/arena-news-tv\/","name":"Programa Arena News TV","description":"","potentialAction":[{"@type":"SearchAction","target":{"@type":"EntryPoint","urlTemplate":"https:\/\/arenacp.com.br\/arena-news-tv\/?s={search_term_string}"},"query-input":"required name=search_term_string"}],"inLanguage":"pt-BR"},{"@type":"WebPage","@id":"https:\/\/arenacp.com.br\/arena-news-tv\/","url":"https:\/\/arenacp.com.br\/arena-news-tv\/","name":"Programa Arena News TV","isPartOf":{"@id":"https:\/\/arenacp.com.br\/arena-news-tv\/#website"},"datePublished":"2018-12-21T17:47:20+00:00","dateModified":"2026-02-09T19:28:30+00:00","description":"Arena News TV - Informa\u00e7\u00f5es do mundo do rodeio, competi\u00e7\u00f5es de touro, cutiano, tr\u00eas tambores, todos as festas, rodeios e eventos da regi\u00e3o, muita informa\u00e7\u00e3o com pol\u00edticos, empres\u00e1rios e pessoas de hist\u00f3ria, trazendo muito entretenimento e experiencia.","breadcrumb":{"@id":"https:\/\/arenacp.com.br\/arena-news-tv\/#breadcrumb"},"inLanguage":"pt-BR","potentialAction":[{"@type":"ReadAction","target":["https:\/\/arenacp.com.br\/arena-news-tv\/"]}]},{"@type":"BreadcrumbList","@id":"https:\/\/arenacp.com.br\/arena-news-tv\/#breadcrumb","itemListElement":[{"@type":"ListItem","position":1,"name":"Home","item":"https:\/\/arenacp.com.br\/arena-news-tv\/"},{"@type":"ListItem","position":2,"name":"In\u00edcio"}]}]}},"_links":{"self":[{"href":"https:\/\/arenacp.com.br\/arena-news-tv\/wp-json\/wp\/v2\/pages\/30"}],"collection":[{"href":"https:\/\/arenacp.com.br\/arena-news-tv\/wp-json\/wp\/v2\/pages"}],"about":[{"href":"https:\/\/arenacp.com.br\/arena-news-tv\/wp-json\/wp\/v2\/types\/page"}],"author":[{"embeddable":true,"href":"https:\/\/arenacp.com.br\/arena-news-tv\/wp-json\/wp\/v2\/users\/1"}],"replies":[{"embeddable":true,"href":"https:\/\/arenacp.com.br\/arena-news-tv\/wp-json\/wp\/v2\/comments?post=30"}],"version-history":[{"count":12,"href":"https:\/\/arenacp.com.br\/arena-news-tv\/wp-json\/wp\/v2\/pages\/30\/revisions"}],"predecessor-version":[{"id":13471,"href":"https:\/\/arenacp.com.br\/arena-news-tv\/wp-json\/wp\/v2\/pages\/30\/revisions\/13471"}],"wp:attachment":[{"href":"https:\/\/arenacp.com.br\/arena-news-tv\/wp-json\/wp\/v2\/media?parent=30"}],"curies":[{"name":"wp","href":"https:\/\/api.w.org\/{rel}","templated":true}]}}